{"id":19964,"date":"2025-03-27T13:54:42","date_gmt":"2025-03-27T10:54:42","guid":{"rendered":"https:\/\/summerdesign.ee\/pood\/maaratlemata\/sametine-kott-blue-topaz-erinevas-suuruses\/"},"modified":"2025-10-23T10:12:05","modified_gmt":"2025-10-23T07:12:05","slug":"sametine-kott-blue-topaz-erinevas-suuruses","status":"publish","type":"product","link":"https:\/\/summerdesign.ee\/en\/pood\/ettetellimine\/sametised-tooted-tellimisega\/sametine-kott-blue-topaz-erinevas-suuruses\/","title":{"rendered":"Sametine kott &#8220;Blue Topaz&#8221; &#8211; erinevas suuruses"},"content":{"rendered":"<p>Taaskasutatud pol\u00fcester sametine kott, millel on suure l\u00e4ikega kuldne metallist t\u00f5mblukk.<br \/>\nSuurused: M &#8211; 23 x 11 x 11 cm ja L &#8211;\u00a028 x 14 x 14 cm<\/p>","protected":false},"excerpt":{"rendered":"<p>Materjal: 100% taaskasutatud pol\u00fcester samet<br \/>\nSaadaval kahes suuruses!<\/p>","protected":false},"featured_media":20017,"template":"","meta":[],"product_brand":[],"product_cat":[631],"product_tag":[],"class_list":{"0":"post-19964","1":"product","2":"type-product","3":"status-publish","4":"has-post-thumbnail","6":"product_cat-sametised-tooted-tellimisega","8":"first","9":"onbackorder","10":"taxable","11":"shipping-taxable","12":"purchasable","13":"product-type-variable","14":"prodpage-classic"},"_links":{"self":[{"href":"https:\/\/summerdesign.ee\/en\/wp-json\/wp\/v2\/product\/19964","targetHints":{"allow":["GET"]}}],"collection":[{"href":"https:\/\/summerdesign.ee\/en\/wp-json\/wp\/v2\/product"}],"about":[{"href":"https:\/\/summerdesign.ee\/en\/wp-json\/wp\/v2\/types\/product"}],"wp:featuredmedia":[{"embeddable":true,"href":"https:\/\/summerdesign.ee\/en\/wp-json\/wp\/v2\/media\/20017"}],"wp:attachment":[{"href":"https:\/\/summerdesign.ee\/en\/wp-json\/wp\/v2\/media?parent=19964"}],"wp:term":[{"taxonomy":"product_brand","embeddable":true,"href":"https:\/\/summerdesign.ee\/en\/wp-json\/wp\/v2\/product_brand?post=19964"},{"taxonomy":"product_cat","embeddable":true,"href":"https:\/\/summerdesign.ee\/en\/wp-json\/wp\/v2\/product_cat?post=19964"},{"taxonomy":"product_tag","embeddable":true,"href":"https:\/\/summerdesign.ee\/en\/wp-json\/wp\/v2\/product_tag?post=19964"}],"curies":[{"name":"wp","href":"https:\/\/api.w.org\/{rel}","templated":true}]}}