{"id":19926,"date":"2025-03-19T16:32:49","date_gmt":"2025-03-19T13:32:49","guid":{"rendered":"https:\/\/summerdesign.ee\/pood\/maaratlemata\/puuvillasest-kangast-kott-oversized-bag-erinevat-varvi\/"},"modified":"2025-10-23T08:27:15","modified_gmt":"2025-10-23T05:27:15","slug":"puuvillasest-kangast-kott-oversized-bag-erinevat-varvi","status":"publish","type":"product","link":"https:\/\/summerdesign.ee\/en\/pood\/ettetellimine\/muud-kotid-tellimisega\/puuvillasest-kangast-kott-oversized-bag-erinevat-varvi\/","title":{"rendered":"Puuvillasest kangast kott &#8220;Oversized Bag&#8221; &#8211; erinevat v\u00e4rvi"},"content":{"rendered":"<p>Eriti suure mahutavusega<br \/>\nSaab kanda k\u00e4es v\u00f5i \u00fcle \u00f5la<br \/>\nK\u00e4epideme pikkus: 61 cm<br \/>\nMahutavus: 37 liitrit<\/p>","protected":false},"excerpt":{"rendered":"<p>M\u00f5\u00f5dud: 56 x 41 x 16 cm<br \/>\nMaterjal: 100% puuvill, 475 g\/m\u00b2<\/p>","protected":false},"featured_media":19918,"template":"","meta":[],"product_brand":[],"product_cat":[630],"product_tag":[],"class_list":{"0":"post-19926","1":"product","2":"type-product","3":"status-publish","4":"has-post-thumbnail","6":"product_cat-muud-kotid-tellimisega","8":"first","9":"onbackorder","10":"taxable","11":"shipping-taxable","12":"purchasable","13":"product-type-variable","14":"prodpage-classic"},"_links":{"self":[{"href":"https:\/\/summerdesign.ee\/en\/wp-json\/wp\/v2\/product\/19926","targetHints":{"allow":["GET"]}}],"collection":[{"href":"https:\/\/summerdesign.ee\/en\/wp-json\/wp\/v2\/product"}],"about":[{"href":"https:\/\/summerdesign.ee\/en\/wp-json\/wp\/v2\/types\/product"}],"wp:featuredmedia":[{"embeddable":true,"href":"https:\/\/summerdesign.ee\/en\/wp-json\/wp\/v2\/media\/19918"}],"wp:attachment":[{"href":"https:\/\/summerdesign.ee\/en\/wp-json\/wp\/v2\/media?parent=19926"}],"wp:term":[{"taxonomy":"product_brand","embeddable":true,"href":"https:\/\/summerdesign.ee\/en\/wp-json\/wp\/v2\/product_brand?post=19926"},{"taxonomy":"product_cat","embeddable":true,"href":"https:\/\/summerdesign.ee\/en\/wp-json\/wp\/v2\/product_cat?post=19926"},{"taxonomy":"product_tag","embeddable":true,"href":"https:\/\/summerdesign.ee\/en\/wp-json\/wp\/v2\/product_tag?post=19926"}],"curies":[{"name":"wp","href":"https:\/\/api.w.org\/{rel}","templated":true}]}}