{"id":19905,"date":"2025-03-18T11:47:13","date_gmt":"2025-03-18T08:47:13","guid":{"rendered":"https:\/\/summerdesign.ee\/pood\/maaratlemata\/puuvillasest-kangast-kott-dusty-blue\/"},"modified":"2026-01-23T12:34:01","modified_gmt":"2026-01-23T09:34:01","slug":"puuvillasest-kangast-kott-dusty-blue","status":"publish","type":"product","link":"https:\/\/summerdesign.ee\/en\/pood\/aksessuaarid\/kotid\/puuvillasest-kangast-kott-dusty-blue\/","title":{"rendered":"Puuvillasest kangast kott &#8211; dusty blue"},"content":{"rendered":"<p>Suure mahutavusega puuvillane kott, mida saab kanda k\u00e4es v\u00f5i \u00fcle \u00f5la.<\/p>","protected":false},"excerpt":{"rendered":"<p>M\u00f5\u00f5dud: 35 x 39 x 13,5 cm<br \/>\nMaterjal: 100% puuvill, 140 g\/m\u00b2<\/p>","protected":false},"featured_media":19903,"template":"","meta":[],"product_brand":[],"product_cat":[650],"product_tag":[],"class_list":{"0":"post-19905","1":"product","2":"type-product","3":"status-publish","4":"has-post-thumbnail","6":"product_cat-kotid","8":"first","9":"instock","10":"taxable","11":"shipping-taxable","12":"purchasable","13":"product-type-simple","14":"prodpage-classic"},"_links":{"self":[{"href":"https:\/\/summerdesign.ee\/en\/wp-json\/wp\/v2\/product\/19905","targetHints":{"allow":["GET"]}}],"collection":[{"href":"https:\/\/summerdesign.ee\/en\/wp-json\/wp\/v2\/product"}],"about":[{"href":"https:\/\/summerdesign.ee\/en\/wp-json\/wp\/v2\/types\/product"}],"wp:featuredmedia":[{"embeddable":true,"href":"https:\/\/summerdesign.ee\/en\/wp-json\/wp\/v2\/media\/19903"}],"wp:attachment":[{"href":"https:\/\/summerdesign.ee\/en\/wp-json\/wp\/v2\/media?parent=19905"}],"wp:term":[{"taxonomy":"product_brand","embeddable":true,"href":"https:\/\/summerdesign.ee\/en\/wp-json\/wp\/v2\/product_brand?post=19905"},{"taxonomy":"product_cat","embeddable":true,"href":"https:\/\/summerdesign.ee\/en\/wp-json\/wp\/v2\/product_cat?post=19905"},{"taxonomy":"product_tag","embeddable":true,"href":"https:\/\/summerdesign.ee\/en\/wp-json\/wp\/v2\/product_tag?post=19905"}],"curies":[{"name":"wp","href":"https:\/\/api.w.org\/{rel}","templated":true}]}}