{"id":19869,"date":"2025-03-12T01:16:58","date_gmt":"2025-03-11T22:16:58","guid":{"rendered":"https:\/\/summerdesign.ee\/pood\/maaratlemata\/spordikott-erinevat-varvi\/"},"modified":"2025-10-23T13:40:40","modified_gmt":"2025-10-23T10:40:40","slug":"spordikott-erinevat-varvi","status":"publish","type":"product","link":"https:\/\/summerdesign.ee\/en\/pood\/ettetellimine\/selja-ja-spordikotid-tellimisega\/spordikott-erinevat-varvi\/","title":{"rendered":"Spordikott &#8211; erinevat v\u00e4rvi"},"content":{"rendered":"<p>Unisex disainiga spordikott, millel on sisemine lukuga tasku ja kingalahter\/tasku, lisaks v\u00e4line tasku<br \/>\nReguleeritavad kandesangad<br \/>\nSaab kanda k\u00e4es v\u00f5i \u00fcle \u00f5la<br \/>\nPVC vaba<br \/>\nMahutavus: 35 liitrit<\/p>","protected":false},"excerpt":{"rendered":"<p>M\u00f5\u00f5dud: 55 x 28 x 25 cm<br \/>\nMaterjal: 100% pol\u00fcester<\/p>","protected":false},"featured_media":19875,"template":"","meta":[],"product_brand":[],"product_cat":[620],"product_tag":[],"class_list":{"0":"post-19869","1":"product","2":"type-product","3":"status-publish","4":"has-post-thumbnail","6":"product_cat-selja-ja-spordikotid-tellimisega","8":"first","9":"onbackorder","10":"taxable","11":"shipping-taxable","12":"purchasable","13":"product-type-variable","14":"prodpage-classic"},"_links":{"self":[{"href":"https:\/\/summerdesign.ee\/en\/wp-json\/wp\/v2\/product\/19869","targetHints":{"allow":["GET"]}}],"collection":[{"href":"https:\/\/summerdesign.ee\/en\/wp-json\/wp\/v2\/product"}],"about":[{"href":"https:\/\/summerdesign.ee\/en\/wp-json\/wp\/v2\/types\/product"}],"wp:featuredmedia":[{"embeddable":true,"href":"https:\/\/summerdesign.ee\/en\/wp-json\/wp\/v2\/media\/19875"}],"wp:attachment":[{"href":"https:\/\/summerdesign.ee\/en\/wp-json\/wp\/v2\/media?parent=19869"}],"wp:term":[{"taxonomy":"product_brand","embeddable":true,"href":"https:\/\/summerdesign.ee\/en\/wp-json\/wp\/v2\/product_brand?post=19869"},{"taxonomy":"product_cat","embeddable":true,"href":"https:\/\/summerdesign.ee\/en\/wp-json\/wp\/v2\/product_cat?post=19869"},{"taxonomy":"product_tag","embeddable":true,"href":"https:\/\/summerdesign.ee\/en\/wp-json\/wp\/v2\/product_tag?post=19869"}],"curies":[{"name":"wp","href":"https:\/\/api.w.org\/{rel}","templated":true}]}}