{"id":19826,"date":"2025-02-27T00:46:01","date_gmt":"2025-02-26T21:46:01","guid":{"rendered":"https:\/\/summerdesign.ee\/pood\/maaratlemata\/staedtler-noris-jumbo-viltpliiatsid-12-tk\/"},"modified":"2026-03-22T13:38:04","modified_gmt":"2026-03-22T10:38:04","slug":"staedtler-noris-jumbo-viltpliiatsid-12-tk","status":"publish","type":"product","link":"https:\/\/summerdesign.ee\/en\/pood\/soodus\/staedtler-noris-jumbo-viltpliiatsid-12-tk\/","title":{"rendered":"Staedtler Noris Jumbo viltpliiatsid 12 tk"},"content":{"rendered":"<p>Ergonoomiline kuju<br \/>\nVentileeritav kork, mis vastab standarditele ISO 11540 ja BS 7272-1\/2<br \/>\nTuleb kergesti masinpesus v\u00e4lja enamikust tekstiilidest<br \/>\nDermatoloogia testitud<br \/>\nJoone laius u. 3,0 mm<br \/>\n<span style=\", verdana, arial, sans-serif;font-size: 12px;\">Need pliiatsid on usaldusv\u00e4\u00e4rse kaubam\u00e4rgi Staedtler toodang, mis tagab kvaliteedi ja vastupidavuse.<\/span><\/p>","protected":false},"excerpt":{"rendered":"<p>Komplektis: 12 erinevat v\u00e4rvi.<br \/>\nAlates 4+ vanus<\/p>","protected":false},"featured_media":19825,"template":"","meta":[],"product_brand":[],"product_cat":[311],"product_tag":[],"class_list":{"0":"post-19826","1":"product","2":"type-product","3":"status-publish","4":"has-post-thumbnail","6":"product_cat-soodus","8":"first","9":"instock","10":"sale","11":"taxable","12":"shipping-taxable","13":"purchasable","14":"product-type-simple","15":"prodpage-classic"},"_links":{"self":[{"href":"https:\/\/summerdesign.ee\/en\/wp-json\/wp\/v2\/product\/19826","targetHints":{"allow":["GET"]}}],"collection":[{"href":"https:\/\/summerdesign.ee\/en\/wp-json\/wp\/v2\/product"}],"about":[{"href":"https:\/\/summerdesign.ee\/en\/wp-json\/wp\/v2\/types\/product"}],"wp:featuredmedia":[{"embeddable":true,"href":"https:\/\/summerdesign.ee\/en\/wp-json\/wp\/v2\/media\/19825"}],"wp:attachment":[{"href":"https:\/\/summerdesign.ee\/en\/wp-json\/wp\/v2\/media?parent=19826"}],"wp:term":[{"taxonomy":"product_brand","embeddable":true,"href":"https:\/\/summerdesign.ee\/en\/wp-json\/wp\/v2\/product_brand?post=19826"},{"taxonomy":"product_cat","embeddable":true,"href":"https:\/\/summerdesign.ee\/en\/wp-json\/wp\/v2\/product_cat?post=19826"},{"taxonomy":"product_tag","embeddable":true,"href":"https:\/\/summerdesign.ee\/en\/wp-json\/wp\/v2\/product_tag?post=19826"}],"curies":[{"name":"wp","href":"https:\/\/api.w.org\/{rel}","templated":true}]}}