{"id":19822,"date":"2025-02-26T20:45:52","date_gmt":"2025-02-26T17:45:52","guid":{"rendered":"https:\/\/summerdesign.ee\/pood\/maaratlemata\/staedtler-2-otsaga-viltpliiatsid-12-tk\/"},"modified":"2026-03-22T13:38:03","modified_gmt":"2026-03-22T10:38:03","slug":"staedtler-2-otsaga-viltpliiatsid-12-tk","status":"publish","type":"product","link":"https:\/\/summerdesign.ee\/en\/pood\/soodus\/staedtler-2-otsaga-viltpliiatsid-12-tk\/","title":{"rendered":"Staedtler 2-otsaga viltpliiatsid 12 tk"},"content":{"rendered":"<p>Staedtler 2-otsaga viltpliiatsid on suurep\u00e4rane valik kunsti- ja k\u00e4sit\u00f6\u00f6projektide jaoks. Igal pliiatsil on kaks otsa, mis v\u00f5imaldavad teil teha erinevaid joonistusi ja v\u00e4rvimistehnikaid. \u00dcks ots on \u00f5huke ja t\u00e4pne, ideaalne detailsete joonte jaoks. Teine ots on laiem, mis sobib suuremate alade v\u00e4rvimiseks.<br \/>\nNeed pliiatsid on suurep\u00e4rased nii lastele kui ka t\u00e4iskasvanutele. Neil on ergonoomiline disain, mis tagab mugava haarde ja kontrolli pliiatsi \u00fcle.<br \/>\nViltpliiatsid pakuvad palju v\u00f5imalusi loovuse v\u00e4ljendamiseks ja annavad teile suurep\u00e4rase tulemuse igas kunstiprojektis.<br \/>\nValmistatud kvaliteetsest materjalist, tagades nende vastupidavuse ja pikaajalise kasutuse.<\/p>","protected":false},"excerpt":{"rendered":"<p>Peenike ots 1 mm<br \/>\nPaksem ots 3 mm<\/p>","protected":false},"featured_media":19821,"template":"","meta":[],"product_brand":[],"product_cat":[311],"product_tag":[],"class_list":{"0":"post-19822","1":"product","2":"type-product","3":"status-publish","4":"has-post-thumbnail","6":"product_cat-soodus","8":"first","9":"instock","10":"sale","11":"taxable","12":"shipping-taxable","13":"purchasable","14":"product-type-simple","15":"prodpage-classic"},"_links":{"self":[{"href":"https:\/\/summerdesign.ee\/en\/wp-json\/wp\/v2\/product\/19822","targetHints":{"allow":["GET"]}}],"collection":[{"href":"https:\/\/summerdesign.ee\/en\/wp-json\/wp\/v2\/product"}],"about":[{"href":"https:\/\/summerdesign.ee\/en\/wp-json\/wp\/v2\/types\/product"}],"wp:featuredmedia":[{"embeddable":true,"href":"https:\/\/summerdesign.ee\/en\/wp-json\/wp\/v2\/media\/19821"}],"wp:attachment":[{"href":"https:\/\/summerdesign.ee\/en\/wp-json\/wp\/v2\/media?parent=19822"}],"wp:term":[{"taxonomy":"product_brand","embeddable":true,"href":"https:\/\/summerdesign.ee\/en\/wp-json\/wp\/v2\/product_brand?post=19822"},{"taxonomy":"product_cat","embeddable":true,"href":"https:\/\/summerdesign.ee\/en\/wp-json\/wp\/v2\/product_cat?post=19822"},{"taxonomy":"product_tag","embeddable":true,"href":"https:\/\/summerdesign.ee\/en\/wp-json\/wp\/v2\/product_tag?post=19822"}],"curies":[{"name":"wp","href":"https:\/\/api.w.org\/{rel}","templated":true}]}}