{"id":19816,"date":"2025-02-26T18:00:57","date_gmt":"2025-02-26T15:00:57","guid":{"rendered":"https:\/\/summerdesign.ee\/pood\/maaratlemata\/staedtler-tekstimarkerite-komplekt\/"},"modified":"2026-03-22T13:38:03","modified_gmt":"2026-03-22T10:38:03","slug":"staedtler-tekstimarkerite-komplekt","status":"publish","type":"product","link":"https:\/\/summerdesign.ee\/en\/pood\/soodus\/staedtler-tekstimarkerite-komplekt\/","title":{"rendered":"Staedtler tekstimarkerite komplekt"},"content":{"rendered":"<p>Textsurfer Pastel komplektis on neli erinevat pastelset v\u00e4rvi markerit, millel on ergonoomiline kujundus ja mugav k\u00e4epide, mis tagab lihtsa ja mugava kasutamise. Tekstimarkerid on suurep\u00e4rased vahendid kui soovid r\u00f5hutada olulisi tekste ja m\u00e4rkmeid. Need kvaliteetsed markerid on valmistatud vastupidavast materjalist, mis tagab nende pikaajalise kasutuse.&nbsp;<\/p>","protected":false},"excerpt":{"rendered":"<p>Komplektis: 4 erinevat v\u00e4rvi<\/p>","protected":false},"featured_media":19815,"template":"","meta":[],"product_brand":[],"product_cat":[311],"product_tag":[],"class_list":{"0":"post-19816","1":"product","2":"type-product","3":"status-publish","4":"has-post-thumbnail","6":"product_cat-soodus","8":"first","9":"instock","10":"sale","11":"taxable","12":"shipping-taxable","13":"purchasable","14":"product-type-simple","15":"prodpage-classic"},"_links":{"self":[{"href":"https:\/\/summerdesign.ee\/en\/wp-json\/wp\/v2\/product\/19816","targetHints":{"allow":["GET"]}}],"collection":[{"href":"https:\/\/summerdesign.ee\/en\/wp-json\/wp\/v2\/product"}],"about":[{"href":"https:\/\/summerdesign.ee\/en\/wp-json\/wp\/v2\/types\/product"}],"wp:featuredmedia":[{"embeddable":true,"href":"https:\/\/summerdesign.ee\/en\/wp-json\/wp\/v2\/media\/19815"}],"wp:attachment":[{"href":"https:\/\/summerdesign.ee\/en\/wp-json\/wp\/v2\/media?parent=19816"}],"wp:term":[{"taxonomy":"product_brand","embeddable":true,"href":"https:\/\/summerdesign.ee\/en\/wp-json\/wp\/v2\/product_brand?post=19816"},{"taxonomy":"product_cat","embeddable":true,"href":"https:\/\/summerdesign.ee\/en\/wp-json\/wp\/v2\/product_cat?post=19816"},{"taxonomy":"product_tag","embeddable":true,"href":"https:\/\/summerdesign.ee\/en\/wp-json\/wp\/v2\/product_tag?post=19816"}],"curies":[{"name":"wp","href":"https:\/\/api.w.org\/{rel}","templated":true}]}}