{"id":19808,"date":"2025-02-26T15:31:10","date_gmt":"2025-02-26T12:31:10","guid":{"rendered":"https:\/\/summerdesign.ee\/pood\/maaratlemata\/staedtler-liimipulk-10-g\/"},"modified":"2026-03-29T09:13:40","modified_gmt":"2026-03-29T06:13:40","slug":"staedtler-liimipulk-10-g","status":"publish","type":"product","link":"https:\/\/summerdesign.ee\/en\/pood\/tarvikud\/teibid-ja-liimid\/staedtler-liimipulk-10-g\/","title":{"rendered":"Staedtler liimipulk 10 g"},"content":{"rendered":"<p>Kerge peale kanda ja kuivab l\u00e4bipaistvaks.<br \/>\nIdeaalne kunsti- ja k\u00e4sit\u00f6\u00f6projektide jaoks koolis, kontoris v\u00f5i kodus.<br \/>\nMittetoksiline.&nbsp;<\/p>","protected":false},"excerpt":{"rendered":"<p>Kerge peale kanda ja kuivab l\u00e4bipaistvaks. Ideaalne kunsti- ja k\u00e4sit\u00f6\u00f6projektide jaoks koolis, kontoris v\u00f5i kodus. Mittetoksiline.&nbsp;<\/p>","protected":false},"featured_media":19812,"template":"","meta":[],"product_brand":[],"product_cat":[283],"product_tag":[],"class_list":{"0":"post-19808","1":"product","2":"type-product","3":"status-publish","4":"has-post-thumbnail","6":"product_cat-teibid-ja-liimid","8":"first","9":"instock","10":"taxable","11":"shipping-taxable","12":"purchasable","13":"product-type-simple","14":"prodpage-classic"},"_links":{"self":[{"href":"https:\/\/summerdesign.ee\/en\/wp-json\/wp\/v2\/product\/19808","targetHints":{"allow":["GET"]}}],"collection":[{"href":"https:\/\/summerdesign.ee\/en\/wp-json\/wp\/v2\/product"}],"about":[{"href":"https:\/\/summerdesign.ee\/en\/wp-json\/wp\/v2\/types\/product"}],"wp:featuredmedia":[{"embeddable":true,"href":"https:\/\/summerdesign.ee\/en\/wp-json\/wp\/v2\/media\/19812"}],"wp:attachment":[{"href":"https:\/\/summerdesign.ee\/en\/wp-json\/wp\/v2\/media?parent=19808"}],"wp:term":[{"taxonomy":"product_brand","embeddable":true,"href":"https:\/\/summerdesign.ee\/en\/wp-json\/wp\/v2\/product_brand?post=19808"},{"taxonomy":"product_cat","embeddable":true,"href":"https:\/\/summerdesign.ee\/en\/wp-json\/wp\/v2\/product_cat?post=19808"},{"taxonomy":"product_tag","embeddable":true,"href":"https:\/\/summerdesign.ee\/en\/wp-json\/wp\/v2\/product_tag?post=19808"}],"curies":[{"name":"wp","href":"https:\/\/api.w.org\/{rel}","templated":true}]}}