{"id":19778,"date":"2025-02-22T16:16:29","date_gmt":"2025-02-22T13:16:29","guid":{"rendered":"https:\/\/summerdesign.ee\/pood\/maaratlemata\/kunstnahast-randmerihmaga-kotid-erinevat-varvi\/"},"modified":"2025-10-22T16:10:06","modified_gmt":"2025-10-22T13:10:06","slug":"kunstnahast-randmerihmaga-kotid-erinevat-varvi","status":"publish","type":"product","link":"https:\/\/summerdesign.ee\/en\/pood\/ettetellimine\/kunstnahast-tooted-tellimisega\/kunstnahast-randmerihmaga-kotid-erinevat-varvi\/","title":{"rendered":"Kunstnahast randmerihmaga kotid &#8211; erinevat v\u00e4rvi"},"content":{"rendered":"<p>Saffiano peeneteraline kunstnahast randmerihmaga kotid<br \/>\nKolmeosaline toode<br \/>\nKott trukiga kinnitatav klapp<br \/>\nV\u00f6\u00f6ga randmerihm<br \/>\nLukuga kaardi rahakott<\/p>","protected":false},"excerpt":{"rendered":"<p>M\u00f5\u00f5dud: v\u00e4ike kott 8 x 5 x 3 cm, suur kott 12 x 3 cm, rihm 13 x 2,6 cm.<br \/>\nMaterjal: Saffiano kunstnahk<\/p>","protected":false},"featured_media":19772,"template":"","meta":[],"product_brand":[],"product_cat":[623],"product_tag":[],"class_list":{"0":"post-19778","1":"product","2":"type-product","3":"status-publish","4":"has-post-thumbnail","6":"product_cat-kunstnahast-tooted-tellimisega","8":"first","9":"onbackorder","10":"taxable","11":"shipping-taxable","12":"purchasable","13":"product-type-variable","14":"prodpage-classic"},"_links":{"self":[{"href":"https:\/\/summerdesign.ee\/en\/wp-json\/wp\/v2\/product\/19778","targetHints":{"allow":["GET"]}}],"collection":[{"href":"https:\/\/summerdesign.ee\/en\/wp-json\/wp\/v2\/product"}],"about":[{"href":"https:\/\/summerdesign.ee\/en\/wp-json\/wp\/v2\/types\/product"}],"wp:featuredmedia":[{"embeddable":true,"href":"https:\/\/summerdesign.ee\/en\/wp-json\/wp\/v2\/media\/19772"}],"wp:attachment":[{"href":"https:\/\/summerdesign.ee\/en\/wp-json\/wp\/v2\/media?parent=19778"}],"wp:term":[{"taxonomy":"product_brand","embeddable":true,"href":"https:\/\/summerdesign.ee\/en\/wp-json\/wp\/v2\/product_brand?post=19778"},{"taxonomy":"product_cat","embeddable":true,"href":"https:\/\/summerdesign.ee\/en\/wp-json\/wp\/v2\/product_cat?post=19778"},{"taxonomy":"product_tag","embeddable":true,"href":"https:\/\/summerdesign.ee\/en\/wp-json\/wp\/v2\/product_tag?post=19778"}],"curies":[{"name":"wp","href":"https:\/\/api.w.org\/{rel}","templated":true}]}}