{"id":19712,"date":"2025-02-17T00:46:45","date_gmt":"2025-02-16T21:46:45","guid":{"rendered":"https:\/\/summerdesign.ee\/pood\/maaratlemata\/kartong-a4-300-g-10-lehte-tumepunane-2\/"},"modified":"2026-02-03T03:00:13","modified_gmt":"2026-02-03T00:00:13","slug":"kartong-a4-300-g-10-lehte-tumepunane-2","status":"publish","type":"product","link":"https:\/\/summerdesign.ee\/en\/pood\/paber\/sileda-pinnaga-kartong-a4\/kartong-a4-300-g-10-lehte-tumepunane-2\/","title":{"rendered":"Kartong A4 300 g 10 lehte &#8211; tumepunane"},"content":{"rendered":"<p><span style=\", Helvetica, sans-serif\">Kartong on matt, katmata, m\u00f5lemalt poolt \u00fchesuguse pinnaga.&nbsp;<\/span><br style=\", Helvetica, sans-serif\" \/><br \/>\n<span style=\", Helvetica, sans-serif\">Sobib suurep\u00e4raselt kaartide, topperite, b\u00e4nnerite, pakendite&nbsp; jne valmistamiseks.<\/span><br style=\", Helvetica, sans-serif\" \/><br \/>\n<span style=\", Helvetica, sans-serif\">M\u00f5\u00f5t: A4, 300 g\/m\u00b2<\/span><\/p>","protected":false},"excerpt":{"rendered":"<p>Tarneaeg: 1-3 t\u00f6\u00f6p\u00e4eva<\/p>","protected":false},"featured_media":19711,"template":"","meta":[],"product_brand":[],"product_cat":[495],"product_tag":[],"class_list":{"0":"post-19712","1":"product","2":"type-product","3":"status-publish","4":"has-post-thumbnail","6":"product_cat-sileda-pinnaga-kartong-a4","8":"first","9":"instock","10":"taxable","11":"shipping-taxable","12":"purchasable","13":"product-type-simple","14":"prodpage-classic"},"_links":{"self":[{"href":"https:\/\/summerdesign.ee\/en\/wp-json\/wp\/v2\/product\/19712","targetHints":{"allow":["GET"]}}],"collection":[{"href":"https:\/\/summerdesign.ee\/en\/wp-json\/wp\/v2\/product"}],"about":[{"href":"https:\/\/summerdesign.ee\/en\/wp-json\/wp\/v2\/types\/product"}],"wp:featuredmedia":[{"embeddable":true,"href":"https:\/\/summerdesign.ee\/en\/wp-json\/wp\/v2\/media\/19711"}],"wp:attachment":[{"href":"https:\/\/summerdesign.ee\/en\/wp-json\/wp\/v2\/media?parent=19712"}],"wp:term":[{"taxonomy":"product_brand","embeddable":true,"href":"https:\/\/summerdesign.ee\/en\/wp-json\/wp\/v2\/product_brand?post=19712"},{"taxonomy":"product_cat","embeddable":true,"href":"https:\/\/summerdesign.ee\/en\/wp-json\/wp\/v2\/product_cat?post=19712"},{"taxonomy":"product_tag","embeddable":true,"href":"https:\/\/summerdesign.ee\/en\/wp-json\/wp\/v2\/product_tag?post=19712"}],"curies":[{"name":"wp","href":"https:\/\/api.w.org\/{rel}","templated":true}]}}