{"id":19708,"date":"2025-02-16T01:01:00","date_gmt":"2025-02-15T22:01:00","guid":{"rendered":"https:\/\/summerdesign.ee\/pood\/maaratlemata\/cricut-easy-mini-kuumpress-masin\/"},"modified":"2025-11-29T03:00:26","modified_gmt":"2025-11-29T00:00:26","slug":"cricut-easy-mini-kuumpress-masin","status":"publish","type":"product","link":"https:\/\/summerdesign.ee\/en\/pood\/cricut\/cricut-easy-mini-kuumpress-masin\/","title":{"rendered":"Cricut Easy mini kuumpress masin"},"content":{"rendered":"<p>Cricut Easy mini kuumpress masin on k\u00fcll mini, kuid siiski v\u00f5imas! Seda masinat on v\u00e4ga hea kasutada ebatavaliste objekte ja projekte jaoks. Suurep\u00e4rane pisikeste asjade, kottide ja sealhulgas kingad disainimiseks. Kuumpress masin on kerge, kaasaskantav, h\u00f5lpsasti hoiustatav.<br \/>\nSobib kasutamiseks enamiku tuntud triigitavate kleebistega.<br \/>\nMasinaga on kaasas kuumakindel alus.&nbsp;<\/p>","protected":false},"excerpt":{"rendered":"<p>Cricut Easy mini kuumpress masin on k\u00fcll mini, kuid siiski v\u00f5imas! Seda masinat on v\u00e4ga hea kasutada ebatavaliste objekte ja projekte jaoks. Suurep\u00e4rane pisikeste asjade, kottide ja sealhulgas kingad disainimiseks. Kuumpress masin on kerge, kaasaskantav, h\u00f5lpsasti hoiustatav. Sobib kasutamiseks enamiku tuntud triigitavate kleebistega. Masinaga on kaasas kuumakindel alus.&nbsp;<\/p>","protected":false},"featured_media":19706,"template":"","meta":[],"product_brand":[],"product_cat":[625],"product_tag":[],"class_list":{"0":"post-19708","1":"product","2":"type-product","3":"status-publish","4":"has-post-thumbnail","6":"product_cat-cricut","8":"first","9":"outofstock","10":"taxable","11":"shipping-taxable","12":"purchasable","13":"product-type-simple","14":"prodpage-classic"},"_links":{"self":[{"href":"https:\/\/summerdesign.ee\/en\/wp-json\/wp\/v2\/product\/19708","targetHints":{"allow":["GET"]}}],"collection":[{"href":"https:\/\/summerdesign.ee\/en\/wp-json\/wp\/v2\/product"}],"about":[{"href":"https:\/\/summerdesign.ee\/en\/wp-json\/wp\/v2\/types\/product"}],"wp:featuredmedia":[{"embeddable":true,"href":"https:\/\/summerdesign.ee\/en\/wp-json\/wp\/v2\/media\/19706"}],"wp:attachment":[{"href":"https:\/\/summerdesign.ee\/en\/wp-json\/wp\/v2\/media?parent=19708"}],"wp:term":[{"taxonomy":"product_brand","embeddable":true,"href":"https:\/\/summerdesign.ee\/en\/wp-json\/wp\/v2\/product_brand?post=19708"},{"taxonomy":"product_cat","embeddable":true,"href":"https:\/\/summerdesign.ee\/en\/wp-json\/wp\/v2\/product_cat?post=19708"},{"taxonomy":"product_tag","embeddable":true,"href":"https:\/\/summerdesign.ee\/en\/wp-json\/wp\/v2\/product_tag?post=19708"}],"curies":[{"name":"wp","href":"https:\/\/api.w.org\/{rel}","templated":true}]}}