{"id":19702,"date":"2025-02-15T11:16:05","date_gmt":"2025-02-15T08:16:05","guid":{"rendered":"https:\/\/summerdesign.ee\/pood\/maaratlemata\/cricut-tekstuurne-metallik-vinuulkleebis-platinum\/"},"modified":"2025-10-21T20:22:59","modified_gmt":"2025-10-21T17:22:59","slug":"cricut-tekstuurne-metallik-vinuulkleebis-platinum","status":"publish","type":"product","link":"https:\/\/summerdesign.ee\/en\/pood\/cricut\/cricut-tekstuurne-metallik-vinuulkleebis-platinum\/","title":{"rendered":"Cricut tekstuurne metallik vin\u00fc\u00fclkleebis &#8211; platinum"},"content":{"rendered":"<p>Tekstuurne ja l\u00e4ikiva foolium viimistlusega vin\u00fc\u00fclkleebis.&nbsp; See vin\u00fc\u00fclkleebis on Cricut Permanent Premium Vinyl sarjast. Sobib suurep\u00e4raselt klaasn\u00f5ude, pokaalide ja sisekujunduse kaunistamiseks.<br \/>\nKasutamiseks k\u00f5igi Cricuti l\u00f5ikemasinatega.&nbsp;<\/p>","protected":false},"excerpt":{"rendered":"<p>M\u00f5\u00f5t: 30,5 x 122 cm<\/p>","protected":false},"featured_media":19705,"template":"","meta":[],"product_brand":[],"product_cat":[625],"product_tag":[],"class_list":{"0":"post-19702","1":"product","2":"type-product","3":"status-publish","4":"has-post-thumbnail","6":"product_cat-cricut","8":"first","9":"instock","10":"taxable","11":"shipping-taxable","12":"purchasable","13":"product-type-simple","14":"prodpage-classic"},"_links":{"self":[{"href":"https:\/\/summerdesign.ee\/en\/wp-json\/wp\/v2\/product\/19702","targetHints":{"allow":["GET"]}}],"collection":[{"href":"https:\/\/summerdesign.ee\/en\/wp-json\/wp\/v2\/product"}],"about":[{"href":"https:\/\/summerdesign.ee\/en\/wp-json\/wp\/v2\/types\/product"}],"wp:featuredmedia":[{"embeddable":true,"href":"https:\/\/summerdesign.ee\/en\/wp-json\/wp\/v2\/media\/19705"}],"wp:attachment":[{"href":"https:\/\/summerdesign.ee\/en\/wp-json\/wp\/v2\/media?parent=19702"}],"wp:term":[{"taxonomy":"product_brand","embeddable":true,"href":"https:\/\/summerdesign.ee\/en\/wp-json\/wp\/v2\/product_brand?post=19702"},{"taxonomy":"product_cat","embeddable":true,"href":"https:\/\/summerdesign.ee\/en\/wp-json\/wp\/v2\/product_cat?post=19702"},{"taxonomy":"product_tag","embeddable":true,"href":"https:\/\/summerdesign.ee\/en\/wp-json\/wp\/v2\/product_tag?post=19702"}],"curies":[{"name":"wp","href":"https:\/\/api.w.org\/{rel}","templated":true}]}}