{"id":19693,"date":"2025-02-14T11:46:43","date_gmt":"2025-02-14T08:46:43","guid":{"rendered":"https:\/\/summerdesign.ee\/pood\/maaratlemata\/kahepoolne-ohuke-teip-6-mm-x-50-m\/"},"modified":"2026-04-01T17:20:33","modified_gmt":"2026-04-01T14:20:33","slug":"kahepoolne-ohuke-teip-6-mm-x-50-m","status":"publish","type":"product","link":"https:\/\/summerdesign.ee\/en\/pood\/tarvikud\/teibid-ja-liimid\/kahepoolne-ohuke-teip-6-mm-x-50-m\/","title":{"rendered":"Kahepoolne \u00f5huke teip 6 mm x 50 m"},"content":{"rendered":"<p>K\u00e4sit\u00f6\u00f6liste lemmik kahepoolne \u00f5huke teip!<br \/>\nV\u00e4ga hea \u00f5huke ning tugev teip kaartide, albumite jne valmistamisel.<br \/>\nEi pea muretsema liimij\u00e4lgede p\u00e4rast!<\/p>","protected":false},"excerpt":{"rendered":"<p>M\u00f5\u00f5t: 6 mm x 50 m<\/p>","protected":false},"featured_media":19692,"template":"","meta":[],"product_brand":[],"product_cat":[283],"product_tag":[],"class_list":{"0":"post-19693","1":"product","2":"type-product","3":"status-publish","4":"has-post-thumbnail","6":"product_cat-teibid-ja-liimid","8":"first","9":"outofstock","10":"taxable","11":"shipping-taxable","12":"purchasable","13":"product-type-simple","14":"prodpage-classic"},"_links":{"self":[{"href":"https:\/\/summerdesign.ee\/en\/wp-json\/wp\/v2\/product\/19693","targetHints":{"allow":["GET"]}}],"collection":[{"href":"https:\/\/summerdesign.ee\/en\/wp-json\/wp\/v2\/product"}],"about":[{"href":"https:\/\/summerdesign.ee\/en\/wp-json\/wp\/v2\/types\/product"}],"wp:featuredmedia":[{"embeddable":true,"href":"https:\/\/summerdesign.ee\/en\/wp-json\/wp\/v2\/media\/19692"}],"wp:attachment":[{"href":"https:\/\/summerdesign.ee\/en\/wp-json\/wp\/v2\/media?parent=19693"}],"wp:term":[{"taxonomy":"product_brand","embeddable":true,"href":"https:\/\/summerdesign.ee\/en\/wp-json\/wp\/v2\/product_brand?post=19693"},{"taxonomy":"product_cat","embeddable":true,"href":"https:\/\/summerdesign.ee\/en\/wp-json\/wp\/v2\/product_cat?post=19693"},{"taxonomy":"product_tag","embeddable":true,"href":"https:\/\/summerdesign.ee\/en\/wp-json\/wp\/v2\/product_tag?post=19693"}],"curies":[{"name":"wp","href":"https:\/\/api.w.org\/{rel}","templated":true}]}}