{"id":19637,"date":"2025-02-03T15:54:41","date_gmt":"2025-02-03T12:54:41","guid":{"rendered":"https:\/\/summerdesign.ee\/pood\/maaratlemata\/kunstnahast-vookott-pruun\/"},"modified":"2025-10-22T16:09:08","modified_gmt":"2025-10-22T13:09:08","slug":"kunstnahast-vookott-pruun","status":"publish","type":"product","link":"https:\/\/summerdesign.ee\/en\/pood\/ettetellimine\/kunstnahast-tooted-tellimisega\/kunstnahast-vookott-pruun\/","title":{"rendered":"Kunstnahast v\u00f6\u00f6kott &#8211; pruun"},"content":{"rendered":"<p>Suure l\u00e4ikega kuldne metallist t\u00f5mblukuga&nbsp;p\u00f5hisahtel<br \/>\nEemaldatav ja reguleeritav rihm (rihma pikkus 59-117 cm)<br \/>\nSisemine tasku<\/p>\n<p>\n&nbsp;<\/p>","protected":false},"excerpt":{"rendered":"<p>M\u00f5\u00f5dud: 24 x 14 x 6 cm<br \/>\nMaterjal: Saffiano kunstnahk<\/p>","protected":false},"featured_media":19635,"template":"","meta":[],"product_brand":[],"product_cat":[623],"product_tag":[],"class_list":{"0":"post-19637","1":"product","2":"type-product","3":"status-publish","4":"has-post-thumbnail","6":"product_cat-kunstnahast-tooted-tellimisega","8":"first","9":"onbackorder","10":"taxable","11":"shipping-taxable","12":"purchasable","13":"product-type-simple","14":"prodpage-classic"},"_links":{"self":[{"href":"https:\/\/summerdesign.ee\/en\/wp-json\/wp\/v2\/product\/19637","targetHints":{"allow":["GET"]}}],"collection":[{"href":"https:\/\/summerdesign.ee\/en\/wp-json\/wp\/v2\/product"}],"about":[{"href":"https:\/\/summerdesign.ee\/en\/wp-json\/wp\/v2\/types\/product"}],"wp:featuredmedia":[{"embeddable":true,"href":"https:\/\/summerdesign.ee\/en\/wp-json\/wp\/v2\/media\/19635"}],"wp:attachment":[{"href":"https:\/\/summerdesign.ee\/en\/wp-json\/wp\/v2\/media?parent=19637"}],"wp:term":[{"taxonomy":"product_brand","embeddable":true,"href":"https:\/\/summerdesign.ee\/en\/wp-json\/wp\/v2\/product_brand?post=19637"},{"taxonomy":"product_cat","embeddable":true,"href":"https:\/\/summerdesign.ee\/en\/wp-json\/wp\/v2\/product_cat?post=19637"},{"taxonomy":"product_tag","embeddable":true,"href":"https:\/\/summerdesign.ee\/en\/wp-json\/wp\/v2\/product_tag?post=19637"}],"curies":[{"name":"wp","href":"https:\/\/api.w.org\/{rel}","templated":true}]}}