{"id":19634,"date":"2025-02-03T15:54:37","date_gmt":"2025-02-03T12:54:37","guid":{"rendered":"https:\/\/summerdesign.ee\/pood\/maaratlemata\/kunstnahast-seljakott-must\/"},"modified":"2025-10-22T16:09:08","modified_gmt":"2025-10-22T13:09:08","slug":"kunstnahast-seljakott-must","status":"publish","type":"product","link":"https:\/\/summerdesign.ee\/en\/pood\/ettetellimine\/kunstnahast-tooted-tellimisega\/kunstnahast-seljakott-must\/","title":{"rendered":"Kunstnahast seljakott &#8211; must"},"content":{"rendered":"<p>T\u00f5mblukuga p\u00f5hisahtel<br \/>\nSisemine tasku<br \/>\nSisemine veepudelihoidja<br \/>\nDiskreetne lukuga tagapaneeli tasku<br \/>\nT\u00f5mblukuga sisemine v\u00e4\u00e4risesemete tasku<br \/>\nPolsterdatud s\u00fclearvuti sahtel, mis sobib kuni 14&#8243;<br \/>\nSuure l\u00e4ikega kuldsed metallist t\u00f5mblukud<br \/>\nRatastega pagasi k\u00e4epideme rihm<br \/>\nIseseisvast kangast reguleeritavad \u00f5larihmad<br \/>\nHaara k\u00e4esang<br \/>\n&nbsp;<\/p>","protected":false},"excerpt":{"rendered":"<p>M\u00f5\u00f5dud: 30 x 41 x 11 cm<br \/>\nMaterjal: Saffiano kunstnahk<\/p>","protected":false},"featured_media":19631,"template":"","meta":[],"product_brand":[],"product_cat":[623],"product_tag":[],"class_list":{"0":"post-19634","1":"product","2":"type-product","3":"status-publish","4":"has-post-thumbnail","6":"product_cat-kunstnahast-tooted-tellimisega","8":"first","9":"onbackorder","10":"taxable","11":"shipping-taxable","12":"purchasable","13":"product-type-simple","14":"prodpage-classic"},"_links":{"self":[{"href":"https:\/\/summerdesign.ee\/en\/wp-json\/wp\/v2\/product\/19634","targetHints":{"allow":["GET"]}}],"collection":[{"href":"https:\/\/summerdesign.ee\/en\/wp-json\/wp\/v2\/product"}],"about":[{"href":"https:\/\/summerdesign.ee\/en\/wp-json\/wp\/v2\/types\/product"}],"wp:featuredmedia":[{"embeddable":true,"href":"https:\/\/summerdesign.ee\/en\/wp-json\/wp\/v2\/media\/19631"}],"wp:attachment":[{"href":"https:\/\/summerdesign.ee\/en\/wp-json\/wp\/v2\/media?parent=19634"}],"wp:term":[{"taxonomy":"product_brand","embeddable":true,"href":"https:\/\/summerdesign.ee\/en\/wp-json\/wp\/v2\/product_brand?post=19634"},{"taxonomy":"product_cat","embeddable":true,"href":"https:\/\/summerdesign.ee\/en\/wp-json\/wp\/v2\/product_cat?post=19634"},{"taxonomy":"product_tag","embeddable":true,"href":"https:\/\/summerdesign.ee\/en\/wp-json\/wp\/v2\/product_tag?post=19634"}],"curies":[{"name":"wp","href":"https:\/\/api.w.org\/{rel}","templated":true}]}}