{"id":19584,"date":"2025-01-25T20:22:29","date_gmt":"2025-01-25T17:22:29","guid":{"rendered":"https:\/\/summerdesign.ee\/pood\/maaratlemata\/telefoni-kandekott-kreem\/"},"modified":"2025-10-22T16:09:09","modified_gmt":"2025-10-22T13:09:09","slug":"telefoni-kandekott-kreem","status":"publish","type":"product","link":"https:\/\/summerdesign.ee\/en\/pood\/ettetellimine\/kunstnahast-tooted-tellimisega\/telefoni-kandekott-kreem\/","title":{"rendered":"Telefoni kandekott &#8211; kreem"},"content":{"rendered":"<p>Koti tagumisel k\u00fcljel on t\u00f5mblukuga v\u00e4\u00e4rtasjade tasku, mahutab pangakaardi, sularaha.<br \/>\nKoti esikuljel tasku, millel magnetkinnisega esiklapp, mahutab ka suurema telefoni.<br \/>\nEemaldatav ja reguleeritav ristkere rihm.<br \/>\nMust metallist t\u00f5mblukk.<\/p>","protected":false},"excerpt":{"rendered":"<p>M\u00f5\u00f5dud: 20 x 13 cm<br \/>\nMaterjal: Saffiano peeneteraline kunstnahast<\/p>","protected":false},"featured_media":19581,"template":"","meta":[],"product_brand":[],"product_cat":[623],"product_tag":[],"class_list":{"0":"post-19584","1":"product","2":"type-product","3":"status-publish","4":"has-post-thumbnail","6":"product_cat-kunstnahast-tooted-tellimisega","8":"first","9":"onbackorder","10":"taxable","11":"shipping-taxable","12":"purchasable","13":"product-type-simple","14":"prodpage-classic"},"_links":{"self":[{"href":"https:\/\/summerdesign.ee\/en\/wp-json\/wp\/v2\/product\/19584","targetHints":{"allow":["GET"]}}],"collection":[{"href":"https:\/\/summerdesign.ee\/en\/wp-json\/wp\/v2\/product"}],"about":[{"href":"https:\/\/summerdesign.ee\/en\/wp-json\/wp\/v2\/types\/product"}],"wp:featuredmedia":[{"embeddable":true,"href":"https:\/\/summerdesign.ee\/en\/wp-json\/wp\/v2\/media\/19581"}],"wp:attachment":[{"href":"https:\/\/summerdesign.ee\/en\/wp-json\/wp\/v2\/media?parent=19584"}],"wp:term":[{"taxonomy":"product_brand","embeddable":true,"href":"https:\/\/summerdesign.ee\/en\/wp-json\/wp\/v2\/product_brand?post=19584"},{"taxonomy":"product_cat","embeddable":true,"href":"https:\/\/summerdesign.ee\/en\/wp-json\/wp\/v2\/product_cat?post=19584"},{"taxonomy":"product_tag","embeddable":true,"href":"https:\/\/summerdesign.ee\/en\/wp-json\/wp\/v2\/product_tag?post=19584"}],"curies":[{"name":"wp","href":"https:\/\/api.w.org\/{rel}","templated":true}]}}