{"id":19425,"date":"2024-12-18T12:00:30","date_gmt":"2024-12-18T09:00:30","guid":{"rendered":"https:\/\/summerdesign.ee\/pood\/uncategorized\/studio-light-terava-otsaga-kaarid\/"},"modified":"2026-02-26T03:00:13","modified_gmt":"2026-02-26T00:00:13","slug":"studio-light-terava-otsaga-kaarid","status":"publish","type":"product","link":"https:\/\/summerdesign.ee\/en\/pood\/tarvikud\/toovahendid\/studio-light-terava-otsaga-kaarid\/","title":{"rendered":"Studio Light terava otsaga k\u00e4\u00e4rid"},"content":{"rendered":"<p>Detaili k\u00e4\u00e4rid. Pehme k\u00e4epide. Ideaalne v\u00e4ikeste piltide detailseks l\u00f5ikamiseks, kitsaste mustrite l\u00f5ikamiseks ja mitmesuguste materjalide, sealhulgas paberi, kanga jne kiireks l\u00f5ikamiseks. Roostevabast terasest terad tagavad puhtad l\u00f5iked ja p\u00fcsivad teravad ka intensiivsel kasutamisel. Pehme k\u00e4epide tagab parema kontrolli parema ja vasakuk\u00e4elistele kasutajatele ning aitab v\u00e4hendada k\u00e4te v\u00e4simust suurte projektide puhul.<\/p>","protected":false},"excerpt":{"rendered":"<p>M\u00f5\u00f5dud: 60 x 104 x 5 mm<\/p>","protected":false},"featured_media":19424,"template":"","meta":[],"product_brand":[],"product_cat":[287],"product_tag":[],"class_list":{"0":"post-19425","1":"product","2":"type-product","3":"status-publish","4":"has-post-thumbnail","6":"product_cat-toovahendid","8":"first","9":"instock","10":"taxable","11":"shipping-taxable","12":"purchasable","13":"product-type-simple","14":"prodpage-classic"},"_links":{"self":[{"href":"https:\/\/summerdesign.ee\/en\/wp-json\/wp\/v2\/product\/19425","targetHints":{"allow":["GET"]}}],"collection":[{"href":"https:\/\/summerdesign.ee\/en\/wp-json\/wp\/v2\/product"}],"about":[{"href":"https:\/\/summerdesign.ee\/en\/wp-json\/wp\/v2\/types\/product"}],"wp:featuredmedia":[{"embeddable":true,"href":"https:\/\/summerdesign.ee\/en\/wp-json\/wp\/v2\/media\/19424"}],"wp:attachment":[{"href":"https:\/\/summerdesign.ee\/en\/wp-json\/wp\/v2\/media?parent=19425"}],"wp:term":[{"taxonomy":"product_brand","embeddable":true,"href":"https:\/\/summerdesign.ee\/en\/wp-json\/wp\/v2\/product_brand?post=19425"},{"taxonomy":"product_cat","embeddable":true,"href":"https:\/\/summerdesign.ee\/en\/wp-json\/wp\/v2\/product_cat?post=19425"},{"taxonomy":"product_tag","embeddable":true,"href":"https:\/\/summerdesign.ee\/en\/wp-json\/wp\/v2\/product_tag?post=19425"}],"curies":[{"name":"wp","href":"https:\/\/api.w.org\/{rel}","templated":true}]}}