{"id":19348,"date":"2024-12-08T11:34:48","date_gmt":"2024-12-08T08:34:48","guid":{"rendered":"https:\/\/summerdesign.ee\/pood\/uncategorized\/triigitav-kleebis-glitter-copper\/"},"modified":"2026-03-25T17:08:45","modified_gmt":"2026-03-25T14:08:45","slug":"triigitav-kleebis-glitter-copper","status":"publish","type":"product","link":"https:\/\/summerdesign.ee\/en\/pood\/triigitav-kleebis\/glitter-ja-holo-pinnaga\/triigitav-kleebis-glitter-copper\/","title":{"rendered":"Triigitav kleebis glitter &#8211; copper"},"content":{"rendered":"<p><span style=\", Helvetica, sans-serif\">The iron-on sticker is flexible and durable. Great for designing clothes, bags, etc.<\/span><br style=\", Helvetica, sans-serif\" \/><br \/>\n<span style=\", Helvetica, sans-serif\">Triigitav kleebis on kaheosaline: pealmine osa on l\u00f5igatav ja triigitav ning alumine osa on \u00fclekandekile, mis hoiab triigitava kleebise \u00fclekandmise ajal paigal. Ei sobi h\u00e4sti kihiliste kahev\u00e4rviliste kujunduste jaoks! Triigitava kleebise ja kanga \u00fchilduvus: 100% puuvill, 100% pol\u00fcester, puuvill ja pol\u00fcester segud.<\/span><br style=\", Helvetica, sans-serif\" \/><br \/>\n<span style=\", Helvetica, sans-serif\">Heat: 150 degrees for 10 seconds. Remove the top film while hot!<\/span><br style=\", Helvetica, sans-serif\" \/><br \/>\n<span style=\", Helvetica, sans-serif\">Masinpesu seestpoolt, kasutades pehmet pesuvahendit. NB! \u00c4rge kasutage valgendit, kuivatit! \u00c4rge puhastage keemiliselt. See k\u00f5ik tagab pikaajalise vastupidavuse kujundusele.<\/span><\/p>","protected":false},"excerpt":{"rendered":"<p>Tarneaeg: 1-3 t\u00f6\u00f6p\u00e4eva<br \/>\nM\u00f5\u00f5t: 30,5 x 50 cm<\/p>","protected":false},"featured_media":19363,"template":"","meta":[],"product_brand":[],"product_cat":[534],"product_tag":[],"class_list":{"0":"post-19348","1":"product","2":"type-product","3":"status-publish","4":"has-post-thumbnail","6":"product_cat-glitter-ja-holo-pinnaga","8":"first","9":"instock","10":"taxable","11":"shipping-taxable","12":"purchasable","13":"product-type-simple","14":"prodpage-classic"},"_links":{"self":[{"href":"https:\/\/summerdesign.ee\/en\/wp-json\/wp\/v2\/product\/19348","targetHints":{"allow":["GET"]}}],"collection":[{"href":"https:\/\/summerdesign.ee\/en\/wp-json\/wp\/v2\/product"}],"about":[{"href":"https:\/\/summerdesign.ee\/en\/wp-json\/wp\/v2\/types\/product"}],"wp:featuredmedia":[{"embeddable":true,"href":"https:\/\/summerdesign.ee\/en\/wp-json\/wp\/v2\/media\/19363"}],"wp:attachment":[{"href":"https:\/\/summerdesign.ee\/en\/wp-json\/wp\/v2\/media?parent=19348"}],"wp:term":[{"taxonomy":"product_brand","embeddable":true,"href":"https:\/\/summerdesign.ee\/en\/wp-json\/wp\/v2\/product_brand?post=19348"},{"taxonomy":"product_cat","embeddable":true,"href":"https:\/\/summerdesign.ee\/en\/wp-json\/wp\/v2\/product_cat?post=19348"},{"taxonomy":"product_tag","embeddable":true,"href":"https:\/\/summerdesign.ee\/en\/wp-json\/wp\/v2\/product_tag?post=19348"}],"curies":[{"name":"wp","href":"https:\/\/api.w.org\/{rel}","templated":true}]}}