{"id":19270,"date":"2024-11-29T12:06:52","date_gmt":"2024-11-29T09:06:52","guid":{"rendered":"https:\/\/summerdesign.ee\/pood\/uncategorized\/linen-kartong-a4-250-g-kollane\/"},"modified":"2026-04-17T03:00:12","modified_gmt":"2026-04-17T00:00:12","slug":"linen-kartong-a4-250-g-kollane","status":"publish","type":"product","link":"https:\/\/summerdesign.ee\/en\/pood\/paber\/tekstuurse-pinnaga-kartong-a4\/linen-kartong-a4-250-g-kollane\/","title":{"rendered":"Linen kartong A4 250 g 10 lehte &#8211; kollane"},"content":{"rendered":"<p><span style=\", Helvetica, sans-serif\">Kartong \u00fcks lehepool on \u00f5rnalt tekstuurne, teine pool on siledam.<\/span><br style=\", Helvetica, sans-serif\" \/><br \/>\n<span style=\", Helvetica, sans-serif\">Sobib b\u00e4nnerite, topperite jne valmistamiseks.<\/span><\/p>","protected":false},"excerpt":{"rendered":"<p>Kartong \u00fcks lehepool on \u00f5rnalt tekstuurne, teine pool on siledam. Sobib b\u00e4nnerite, topperite jne valmistamiseks.<\/p>","protected":false},"featured_media":19455,"template":"","meta":[],"product_brand":[],"product_cat":[496],"product_tag":[],"class_list":{"0":"post-19270","1":"product","2":"type-product","3":"status-publish","4":"has-post-thumbnail","6":"product_cat-tekstuurse-pinnaga-kartong-a4","8":"first","9":"instock","10":"taxable","11":"shipping-taxable","12":"purchasable","13":"product-type-simple","14":"prodpage-classic"},"_links":{"self":[{"href":"https:\/\/summerdesign.ee\/en\/wp-json\/wp\/v2\/product\/19270","targetHints":{"allow":["GET"]}}],"collection":[{"href":"https:\/\/summerdesign.ee\/en\/wp-json\/wp\/v2\/product"}],"about":[{"href":"https:\/\/summerdesign.ee\/en\/wp-json\/wp\/v2\/types\/product"}],"wp:featuredmedia":[{"embeddable":true,"href":"https:\/\/summerdesign.ee\/en\/wp-json\/wp\/v2\/media\/19455"}],"wp:attachment":[{"href":"https:\/\/summerdesign.ee\/en\/wp-json\/wp\/v2\/media?parent=19270"}],"wp:term":[{"taxonomy":"product_brand","embeddable":true,"href":"https:\/\/summerdesign.ee\/en\/wp-json\/wp\/v2\/product_brand?post=19270"},{"taxonomy":"product_cat","embeddable":true,"href":"https:\/\/summerdesign.ee\/en\/wp-json\/wp\/v2\/product_cat?post=19270"},{"taxonomy":"product_tag","embeddable":true,"href":"https:\/\/summerdesign.ee\/en\/wp-json\/wp\/v2\/product_tag?post=19270"}],"curies":[{"name":"wp","href":"https:\/\/api.w.org\/{rel}","templated":true}]}}