{"id":19237,"date":"2024-11-25T21:22:30","date_gmt":"2024-11-25T18:22:30","guid":{"rendered":"https:\/\/summerdesign.ee\/pood\/uncategorized\/triigitav-kleebis-glitter-3d-puff-heledam-sinine\/"},"modified":"2026-03-29T14:32:27","modified_gmt":"2026-03-29T11:32:27","slug":"triigitav-kleebis-glitter-3d-puff-heledam-sinine","status":"publish","type":"product","link":"https:\/\/summerdesign.ee\/en\/pood\/soodus\/triigitav-kleebis-glitter-3d-puff-heledam-sinine\/","title":{"rendered":"Triigitav kleebis glitter 3D PUFF &#8211; heledam sinine"},"content":{"rendered":"<p>3D PUFF triigitav kleebis on materjal, mis paisub kui puutub kokku kuumpressi kuumusega. P\u00e4rast kuumutamist annab see teie disainile ainulaadse 3D-ilme.<br \/>\nCricut digitaalse masinaga materjali l\u00f5igates valida Everyday Iron-on. Materjali l\u00e4ikiv pool panna vastu matti ning lisada mirror vaade.<br \/>\nPressida tugeval pinnal (nt l\u00f5ikelaud, mis kannatab kuuma) keskmise survega ja kile eemaldada kuumalt.<br \/>\nSoovitame oma pressiga v\u00e4ikest t\u00fckki materjali katsetada, et leiaksite enda jaoks sobiva temperatuuri ja aja.<br \/>\nMeie katsetus Cricut Easypress masinaga ja pluusi alla laua pinna kaitseks panime puidust l\u00f5ikelaua:<br \/>\nTemperatuur 140 kraadi ja 10 sekundit &#8211; kerge paisumine (nt. T-s\u00e4rk)<br \/>\nTemperatuur 145 kraadi ja 10 sekundit &#8211; keskmine paisumine (nt. T-s\u00e4rk, dressipluus)<br \/>\nTemperatuur 150 kraadi ja 10 sekundit &#8211; tugev paisumine ( nt. dressipluus, paksemad kangad)<br \/>\nTehase poolsed andmed 140-145 kraadi ja 8-10 sekundit.<br \/>\nSobivad materjalid: puuvill, puuvill ja pol\u00fcestersegu!<br \/>\nEi sobi: nailonile.<br \/>\nHooldus:&nbsp;\u00c4rge peske r\u00f5ivast v\u00e4hemalt 48 tundi p\u00e4rast 3D PUFF pealekandmist. Eelistada k\u00e4sipesu.&nbsp;Kasutage pehmet pesuainet ja k\u00fclmas v\u00f5i leiges vees.&nbsp;Mitte kasutada tsentrifuugi ega kuivatit! Disaini s\u00e4ilitamiseks ja kuumakahjustuste v\u00e4ltimiseks on k\u00f5ige parem seda \u00f5hu k\u00e4es kuivatada.Triikige kangas pahupidi. Kasutage kujunduse katmiseks presslappi v\u00f5i p\u00e4rgamentpaberit. Seadke triikraud madalale kuumusele (ilma auruta) ja vajutage l\u00fchiajaliselt \u00f5rnalt. V\u00e4ltige otsest kontakti triikraua ja vin\u00fc\u00fcli vahel.<br \/>\nV\u00e4ltige valgendi v\u00f5i tugevatoimeliste kemikaalide kasutamist, kuna need v\u00f5ivad vin\u00fc\u00fcli kahjustada.<\/p>","protected":false},"excerpt":{"rendered":"<p>M\u00f5\u00f5dud: 25 x 30,5 cm<\/p>","protected":false},"featured_media":19246,"template":"","meta":[],"product_brand":[],"product_cat":[311],"product_tag":[],"class_list":{"0":"post-19237","1":"product","2":"type-product","3":"status-publish","4":"has-post-thumbnail","6":"product_cat-soodus","8":"first","9":"instock","10":"sale","11":"taxable","12":"shipping-taxable","13":"purchasable","14":"product-type-simple","15":"prodpage-classic"},"_links":{"self":[{"href":"https:\/\/summerdesign.ee\/en\/wp-json\/wp\/v2\/product\/19237","targetHints":{"allow":["GET"]}}],"collection":[{"href":"https:\/\/summerdesign.ee\/en\/wp-json\/wp\/v2\/product"}],"about":[{"href":"https:\/\/summerdesign.ee\/en\/wp-json\/wp\/v2\/types\/product"}],"wp:featuredmedia":[{"embeddable":true,"href":"https:\/\/summerdesign.ee\/en\/wp-json\/wp\/v2\/media\/19246"}],"wp:attachment":[{"href":"https:\/\/summerdesign.ee\/en\/wp-json\/wp\/v2\/media?parent=19237"}],"wp:term":[{"taxonomy":"product_brand","embeddable":true,"href":"https:\/\/summerdesign.ee\/en\/wp-json\/wp\/v2\/product_brand?post=19237"},{"taxonomy":"product_cat","embeddable":true,"href":"https:\/\/summerdesign.ee\/en\/wp-json\/wp\/v2\/product_cat?post=19237"},{"taxonomy":"product_tag","embeddable":true,"href":"https:\/\/summerdesign.ee\/en\/wp-json\/wp\/v2\/product_tag?post=19237"}],"curies":[{"name":"wp","href":"https:\/\/api.w.org\/{rel}","templated":true}]}}