{"id":19150,"date":"2024-11-07T20:19:54","date_gmt":"2024-11-07T17:19:54","guid":{"rendered":"https:\/\/summerdesign.ee\/pood\/uncategorized\/pintsetid-137-cm\/"},"modified":"2026-02-26T03:00:12","modified_gmt":"2026-02-26T00:00:12","slug":"pintsetid-137-cm","status":"publish","type":"product","link":"https:\/\/summerdesign.ee\/en\/pood\/tarvikud\/toovahendid\/pintsetid-137-cm\/","title":{"rendered":"Pintsetid 13,7 cm"},"content":{"rendered":"<p>Roostevabast terasest pintsetid, millega on v\u00e4ga hea v\u00e4ikseid asju paika t\u00f5sta.<\/p>","protected":false},"excerpt":{"rendered":"<p>M\u00f5\u00f5dud: 1 x 13,7 cm<\/p>","protected":false},"featured_media":19154,"template":"","meta":[],"product_brand":[],"product_cat":[287],"product_tag":[],"class_list":{"0":"post-19150","1":"product","2":"type-product","3":"status-publish","4":"has-post-thumbnail","6":"product_cat-toovahendid","8":"first","9":"instock","10":"taxable","11":"shipping-taxable","12":"purchasable","13":"product-type-simple","14":"prodpage-classic"},"_links":{"self":[{"href":"https:\/\/summerdesign.ee\/en\/wp-json\/wp\/v2\/product\/19150","targetHints":{"allow":["GET"]}}],"collection":[{"href":"https:\/\/summerdesign.ee\/en\/wp-json\/wp\/v2\/product"}],"about":[{"href":"https:\/\/summerdesign.ee\/en\/wp-json\/wp\/v2\/types\/product"}],"wp:featuredmedia":[{"embeddable":true,"href":"https:\/\/summerdesign.ee\/en\/wp-json\/wp\/v2\/media\/19154"}],"wp:attachment":[{"href":"https:\/\/summerdesign.ee\/en\/wp-json\/wp\/v2\/media?parent=19150"}],"wp:term":[{"taxonomy":"product_brand","embeddable":true,"href":"https:\/\/summerdesign.ee\/en\/wp-json\/wp\/v2\/product_brand?post=19150"},{"taxonomy":"product_cat","embeddable":true,"href":"https:\/\/summerdesign.ee\/en\/wp-json\/wp\/v2\/product_cat?post=19150"},{"taxonomy":"product_tag","embeddable":true,"href":"https:\/\/summerdesign.ee\/en\/wp-json\/wp\/v2\/product_tag?post=19150"}],"curies":[{"name":"wp","href":"https:\/\/api.w.org\/{rel}","templated":true}]}}