{"id":19149,"date":"2024-11-07T20:19:53","date_gmt":"2024-11-07T17:19:53","guid":{"rendered":"https:\/\/summerdesign.ee\/pood\/uncategorized\/lehter\/"},"modified":"2026-03-22T13:38:03","modified_gmt":"2026-03-22T10:38:03","slug":"lehter","status":"publish","type":"product","link":"https:\/\/summerdesign.ee\/en\/pood\/soodus\/lehter\/","title":{"rendered":"Lehter"},"content":{"rendered":"<p>Sobib suurep\u00e4raselt peenikese otsaga pudeli t\u00e4itmiseks.<\/p>","protected":false},"excerpt":{"rendered":"<p>M\u00f5\u00f5dud: 3 x 4 cm, peenikese osa \u00d8 0,5 cm.<\/p>","protected":false},"featured_media":19157,"template":"","meta":[],"product_brand":[],"product_cat":[311],"product_tag":[],"class_list":{"0":"post-19149","1":"product","2":"type-product","3":"status-publish","4":"has-post-thumbnail","6":"product_cat-soodus","8":"first","9":"instock","10":"sale","11":"taxable","12":"shipping-taxable","13":"purchasable","14":"product-type-simple","15":"prodpage-classic"},"_links":{"self":[{"href":"https:\/\/summerdesign.ee\/en\/wp-json\/wp\/v2\/product\/19149","targetHints":{"allow":["GET"]}}],"collection":[{"href":"https:\/\/summerdesign.ee\/en\/wp-json\/wp\/v2\/product"}],"about":[{"href":"https:\/\/summerdesign.ee\/en\/wp-json\/wp\/v2\/types\/product"}],"wp:featuredmedia":[{"embeddable":true,"href":"https:\/\/summerdesign.ee\/en\/wp-json\/wp\/v2\/media\/19157"}],"wp:attachment":[{"href":"https:\/\/summerdesign.ee\/en\/wp-json\/wp\/v2\/media?parent=19149"}],"wp:term":[{"taxonomy":"product_brand","embeddable":true,"href":"https:\/\/summerdesign.ee\/en\/wp-json\/wp\/v2\/product_brand?post=19149"},{"taxonomy":"product_cat","embeddable":true,"href":"https:\/\/summerdesign.ee\/en\/wp-json\/wp\/v2\/product_cat?post=19149"},{"taxonomy":"product_tag","embeddable":true,"href":"https:\/\/summerdesign.ee\/en\/wp-json\/wp\/v2\/product_tag?post=19149"}],"curies":[{"name":"wp","href":"https:\/\/api.w.org\/{rel}","templated":true}]}}