{"id":18896,"date":"2024-09-20T11:47:51","date_gmt":"2024-09-20T08:47:51","guid":{"rendered":"https:\/\/summerdesign.ee\/pood\/uncategorized\/labipaistvast-akruulist-pulgad-10-x-114-mm-10-tk\/"},"modified":"2025-10-21T20:22:12","modified_gmt":"2025-10-21T17:22:12","slug":"labipaistvast-akruulist-pulgad-10-x-114-mm-10-tk","status":"publish","type":"product","link":"https:\/\/summerdesign.ee\/en\/pood\/tarvikud\/pulgad-topperitele-ja-pulgakookidele\/labipaistvast-akruulist-pulgad-10-x-114-mm-10-tk\/","title":{"rendered":"L\u00e4bipaistvast akr\u00fc\u00fclist pulgad 10 x 11,4 mm 10 tk"},"content":{"rendered":"<p>Pulgad on m\u00f5lemalt poolt kaetud l\u00e4bipaistva kilega, mis on vaja eemaldada.<\/p>","protected":false},"excerpt":{"rendered":"<p>M\u00f5\u00f5dud: 10 x 11,4 mm ja 2,8-3mm<br \/>\nincluded: 10 pieces<\/p>","protected":false},"featured_media":18895,"template":"","meta":[],"product_brand":[],"product_cat":[273],"product_tag":[],"class_list":{"0":"post-18896","1":"product","2":"type-product","3":"status-publish","4":"has-post-thumbnail","6":"product_cat-pulgad-topperitele-ja-pulgakookidele","8":"first","9":"outofstock","10":"taxable","11":"shipping-taxable","12":"purchasable","13":"product-type-simple","14":"prodpage-classic"},"_links":{"self":[{"href":"https:\/\/summerdesign.ee\/en\/wp-json\/wp\/v2\/product\/18896","targetHints":{"allow":["GET"]}}],"collection":[{"href":"https:\/\/summerdesign.ee\/en\/wp-json\/wp\/v2\/product"}],"about":[{"href":"https:\/\/summerdesign.ee\/en\/wp-json\/wp\/v2\/types\/product"}],"wp:featuredmedia":[{"embeddable":true,"href":"https:\/\/summerdesign.ee\/en\/wp-json\/wp\/v2\/media\/18895"}],"wp:attachment":[{"href":"https:\/\/summerdesign.ee\/en\/wp-json\/wp\/v2\/media?parent=18896"}],"wp:term":[{"taxonomy":"product_brand","embeddable":true,"href":"https:\/\/summerdesign.ee\/en\/wp-json\/wp\/v2\/product_brand?post=18896"},{"taxonomy":"product_cat","embeddable":true,"href":"https:\/\/summerdesign.ee\/en\/wp-json\/wp\/v2\/product_cat?post=18896"},{"taxonomy":"product_tag","embeddable":true,"href":"https:\/\/summerdesign.ee\/en\/wp-json\/wp\/v2\/product_tag?post=18896"}],"curies":[{"name":"wp","href":"https:\/\/api.w.org\/{rel}","templated":true}]}}