{"id":18802,"date":"2024-08-20T17:03:00","date_gmt":"2024-08-20T14:03:00","guid":{"rendered":"https:\/\/summerdesign.ee\/toode\/glitterkartong-a4-250-g-1-leht-platinum\/"},"modified":"2026-04-13T03:00:15","modified_gmt":"2026-04-13T00:00:15","slug":"glitterkartong-a4-250-g-1-leht-platinum","status":"publish","type":"product","link":"https:\/\/summerdesign.ee\/en\/pood\/paber\/glitterkartong\/glitterkartong-a4-250-g-1-leht-platinum\/","title":{"rendered":"Glitterkartong A4 250 g 1 leht &#8211; platinum"},"content":{"rendered":"<p>Marianne Design Soft glitterkartong<\/p>","protected":false},"excerpt":{"rendered":"<p>\u200bTarneaeg: 1-3 t\u00f6\u00f6p\u00e4eva<br \/>\nM\u00f5\u00f5t: A4, 250g<\/p>","protected":false},"featured_media":18801,"template":"","meta":[],"product_brand":[],"product_cat":[281],"product_tag":[],"class_list":{"0":"post-18802","1":"product","2":"type-product","3":"status-publish","4":"has-post-thumbnail","6":"product_cat-glitterkartong","8":"first","9":"instock","10":"taxable","11":"shipping-taxable","12":"purchasable","13":"product-type-simple","14":"prodpage-classic"},"_links":{"self":[{"href":"https:\/\/summerdesign.ee\/en\/wp-json\/wp\/v2\/product\/18802","targetHints":{"allow":["GET"]}}],"collection":[{"href":"https:\/\/summerdesign.ee\/en\/wp-json\/wp\/v2\/product"}],"about":[{"href":"https:\/\/summerdesign.ee\/en\/wp-json\/wp\/v2\/types\/product"}],"wp:featuredmedia":[{"embeddable":true,"href":"https:\/\/summerdesign.ee\/en\/wp-json\/wp\/v2\/media\/18801"}],"wp:attachment":[{"href":"https:\/\/summerdesign.ee\/en\/wp-json\/wp\/v2\/media?parent=18802"}],"wp:term":[{"taxonomy":"product_brand","embeddable":true,"href":"https:\/\/summerdesign.ee\/en\/wp-json\/wp\/v2\/product_brand?post=18802"},{"taxonomy":"product_cat","embeddable":true,"href":"https:\/\/summerdesign.ee\/en\/wp-json\/wp\/v2\/product_cat?post=18802"},{"taxonomy":"product_tag","embeddable":true,"href":"https:\/\/summerdesign.ee\/en\/wp-json\/wp\/v2\/product_tag?post=18802"}],"curies":[{"name":"wp","href":"https:\/\/api.w.org\/{rel}","templated":true}]}}