{"id":18362,"date":"2024-05-04T12:37:37","date_gmt":"2024-05-04T09:37:37","guid":{"rendered":"https:\/\/summerdesign.ee\/toode\/cricut-everyday-iron-on-305-x-61cm-kuldne\/"},"modified":"2025-10-22T15:50:24","modified_gmt":"2025-10-22T12:50:24","slug":"cricut-everyday-iron-on-305-x-61cm-kuldne","status":"publish","type":"product","link":"https:\/\/summerdesign.ee\/en\/pood\/ettetellimine\/cricut-tooted-tellimisega\/cricut-everyday-iron-on-305-x-61cm-kuldne\/","title":{"rendered":"Cricut Everyday Iron-On 30,5 x 61cm &#8211; kuldne"},"content":{"rendered":"<p>Cricut Iron-On on m\u00f5eldud kasutamiseks r\u00f5ivastel, k\u00e4ekottidel ja kodusisustuselementidel nagu n\u00e4iteks patjadel.<br \/>\nL\u00f5ika erinevaid s\u00f5numeid, logosid, t\u00e4hti ja triigi need soovitud pindadele. Cricut Iron-On materjal on kahes osas. Pealmine osa on l\u00f5igatav ja \u00fclekantav ning alumine osa on kandematerjal, mis hoiab iron-on materjali l\u00f5ikamise ja \u00fclekandmise ajal paigal. Matile paigutades l\u00e4ikiv pool vastu matti ja kujundused mirror vaatega, kindlasti just tekstid.<br \/>\nT\u00e4pse pressimise aja ja temperatuuri leiad <a href=\"https:\/\/cricut.com\/en-us\/heatguide?utm_campaign=brand&amp;utm_medium=navbar&amp;utm_source=design_space&amp;utm_content=navigationbar_heatguide\">SIIT<\/a><\/p>","protected":false},"excerpt":{"rendered":"<p>Toode on ettetellimisega ja tarneaeg 3-4 n\u00e4dalat!<\/p>","protected":false},"featured_media":18361,"template":"","meta":[],"product_brand":[],"product_cat":[621],"product_tag":[],"class_list":{"0":"post-18362","1":"product","2":"type-product","3":"status-publish","4":"has-post-thumbnail","6":"product_cat-cricut-tooted-tellimisega","8":"first","9":"outofstock","10":"taxable","11":"shipping-taxable","12":"purchasable","13":"product-type-simple","14":"prodpage-classic"},"_links":{"self":[{"href":"https:\/\/summerdesign.ee\/en\/wp-json\/wp\/v2\/product\/18362","targetHints":{"allow":["GET"]}}],"collection":[{"href":"https:\/\/summerdesign.ee\/en\/wp-json\/wp\/v2\/product"}],"about":[{"href":"https:\/\/summerdesign.ee\/en\/wp-json\/wp\/v2\/types\/product"}],"wp:featuredmedia":[{"embeddable":true,"href":"https:\/\/summerdesign.ee\/en\/wp-json\/wp\/v2\/media\/18361"}],"wp:attachment":[{"href":"https:\/\/summerdesign.ee\/en\/wp-json\/wp\/v2\/media?parent=18362"}],"wp:term":[{"taxonomy":"product_brand","embeddable":true,"href":"https:\/\/summerdesign.ee\/en\/wp-json\/wp\/v2\/product_brand?post=18362"},{"taxonomy":"product_cat","embeddable":true,"href":"https:\/\/summerdesign.ee\/en\/wp-json\/wp\/v2\/product_cat?post=18362"},{"taxonomy":"product_tag","embeddable":true,"href":"https:\/\/summerdesign.ee\/en\/wp-json\/wp\/v2\/product_tag?post=18362"}],"curies":[{"name":"wp","href":"https:\/\/api.w.org\/{rel}","templated":true}]}}