{"id":18309,"date":"2024-04-30T20:41:01","date_gmt":"2024-04-30T17:41:01","guid":{"rendered":"https:\/\/summerdesign.ee\/toode\/tugev-puuvillane-kandekott-41-x-34-x-18-cm-hall\/"},"modified":"2025-10-23T08:23:40","modified_gmt":"2025-10-23T05:23:40","slug":"tugev-puuvillane-kandekott-41-x-34-x-18-cm-hall","status":"publish","type":"product","link":"https:\/\/summerdesign.ee\/en\/pood\/ettetellimine\/muud-kotid-tellimisega\/tugev-puuvillane-kandekott-41-x-34-x-18-cm-hall\/","title":{"rendered":"Tugev puuvillane kandekott 41 x 34 x 18 cm &#8211; hall"},"content":{"rendered":"<p>Kvaliteetsest ja tugevast kangast kott&nbsp;<br \/>\nStruktureeritud alus- ja k\u00fclgpaneelid<br \/>\nSisemine tasku<br \/>\nPuuvillased kandesangad<br \/>\nSaab kanda k\u00e4es v\u00f5i \u00fcle \u00f5la<br \/>\nK\u00e4epideme pikkus: 61 cm<br \/>\nMahutavus: 20 liitrit<\/p>","protected":false},"excerpt":{"rendered":"<p>M\u00f5\u00f5dud: 41 x 34 x 18 cm<br \/>\nMaterjal: 100% puuvill, 407 g\/m\u00b2<\/p>","protected":false},"featured_media":18308,"template":"","meta":[],"product_brand":[],"product_cat":[630],"product_tag":[],"class_list":{"0":"post-18309","1":"product","2":"type-product","3":"status-publish","4":"has-post-thumbnail","6":"product_cat-muud-kotid-tellimisega","8":"first","9":"onbackorder","10":"taxable","11":"shipping-taxable","12":"purchasable","13":"product-type-simple","14":"prodpage-classic"},"_links":{"self":[{"href":"https:\/\/summerdesign.ee\/en\/wp-json\/wp\/v2\/product\/18309","targetHints":{"allow":["GET"]}}],"collection":[{"href":"https:\/\/summerdesign.ee\/en\/wp-json\/wp\/v2\/product"}],"about":[{"href":"https:\/\/summerdesign.ee\/en\/wp-json\/wp\/v2\/types\/product"}],"wp:featuredmedia":[{"embeddable":true,"href":"https:\/\/summerdesign.ee\/en\/wp-json\/wp\/v2\/media\/18308"}],"wp:attachment":[{"href":"https:\/\/summerdesign.ee\/en\/wp-json\/wp\/v2\/media?parent=18309"}],"wp:term":[{"taxonomy":"product_brand","embeddable":true,"href":"https:\/\/summerdesign.ee\/en\/wp-json\/wp\/v2\/product_brand?post=18309"},{"taxonomy":"product_cat","embeddable":true,"href":"https:\/\/summerdesign.ee\/en\/wp-json\/wp\/v2\/product_cat?post=18309"},{"taxonomy":"product_tag","embeddable":true,"href":"https:\/\/summerdesign.ee\/en\/wp-json\/wp\/v2\/product_tag?post=18309"}],"curies":[{"name":"wp","href":"https:\/\/api.w.org\/{rel}","templated":true}]}}