{"id":18276,"date":"2024-04-29T17:56:01","date_gmt":"2024-04-29T14:56:01","guid":{"rendered":"https:\/\/summerdesign.ee\/toode\/prinditav-vinuulkleebis-1tk-pimedas-helendav\/"},"modified":"2026-04-14T03:00:10","modified_gmt":"2026-04-14T00:00:10","slug":"prinditav-vinuulkleebis-1tk-pimedas-helendav","status":"publish","type":"product","link":"https:\/\/summerdesign.ee\/en\/pood\/vinuulkleebis\/prinditav-vinuulkleebis-ja-ulekandeteip\/prinditav-vinuulkleebis-1tk-pimedas-helendav\/","title":{"rendered":"Prinditav vin\u00fc\u00fclkleebis 1tk &#8211; pimedas helendav"},"content":{"rendered":"<p>Soovitud pilt\/kiri printiga kleebise l\u00e4ikivamale poolele. Printeril valige seadistuste alt &#8220;high quality glossy paper&#8221;. Kuna tegemist on l\u00e4ikiva kleebispaberiga, peab see p\u00e4rast printimist ootama kuivamist umbes 1\u20132 minutit kui tavaline paber, siis lisage prinditavaid vin\u00fc\u00fclkleebise lehti printerisse \u00fcks leht korraga ja printige \u00fche lehe kaupa.<br \/>\nPrinditavat vin\u00fc\u00fclkleebist saab l\u00f5igata k\u00e4\u00e4ridega ja ka digitaalsete l\u00f5ikamismasinatega.<br \/>\nN\u00e4pun\u00e4ited: kasuta UV-valgust \/ p\u00e4ikesevalgust \/ lambivalgust (UV-valgus on kiire viis tugevaima efekti aktiveerimiseks) v\u00e4hemalt 10-15 minutit p\u00e4rast printimist ja v\u00f5ib pimedas helendama tundide kaupa.<br \/>\nSobib kasutamiseks tindiprinteriga!<\/p>","protected":false},"excerpt":{"rendered":"<p>M\u00f5\u00f5t: A4<\/p>","protected":false},"featured_media":18285,"template":"","meta":[],"product_brand":[],"product_cat":[539],"product_tag":[],"class_list":{"0":"post-18276","1":"product","2":"type-product","3":"status-publish","4":"has-post-thumbnail","6":"product_cat-prinditav-vinuulkleebis-ja-ulekandeteip","8":"first","9":"instock","10":"taxable","11":"shipping-taxable","12":"purchasable","13":"product-type-simple","14":"prodpage-classic"},"_links":{"self":[{"href":"https:\/\/summerdesign.ee\/en\/wp-json\/wp\/v2\/product\/18276","targetHints":{"allow":["GET"]}}],"collection":[{"href":"https:\/\/summerdesign.ee\/en\/wp-json\/wp\/v2\/product"}],"about":[{"href":"https:\/\/summerdesign.ee\/en\/wp-json\/wp\/v2\/types\/product"}],"wp:featuredmedia":[{"embeddable":true,"href":"https:\/\/summerdesign.ee\/en\/wp-json\/wp\/v2\/media\/18285"}],"wp:attachment":[{"href":"https:\/\/summerdesign.ee\/en\/wp-json\/wp\/v2\/media?parent=18276"}],"wp:term":[{"taxonomy":"product_brand","embeddable":true,"href":"https:\/\/summerdesign.ee\/en\/wp-json\/wp\/v2\/product_brand?post=18276"},{"taxonomy":"product_cat","embeddable":true,"href":"https:\/\/summerdesign.ee\/en\/wp-json\/wp\/v2\/product_cat?post=18276"},{"taxonomy":"product_tag","embeddable":true,"href":"https:\/\/summerdesign.ee\/en\/wp-json\/wp\/v2\/product_tag?post=18276"}],"curies":[{"name":"wp","href":"https:\/\/api.w.org\/{rel}","templated":true}]}}