{"id":18179,"date":"2024-04-19T08:34:25","date_gmt":"2024-04-19T05:34:25","guid":{"rendered":"https:\/\/summerdesign.ee\/toode\/peenikese-otsaga-pudel-50-ml\/"},"modified":"2026-02-27T03:00:10","modified_gmt":"2026-02-27T00:00:10","slug":"peenikese-otsaga-pudel-50-ml","status":"publish","type":"product","link":"https:\/\/summerdesign.ee\/en\/pood\/tarvikud\/toovahendid\/peenikese-otsaga-pudel-50-ml\/","title":{"rendered":"Peenikese otsaga pudel 50 ml"},"content":{"rendered":"<p style=\"margin: 0px 0px 20px;, Helvetica, sans-serif\">Suurep\u00e4rane&nbsp;pudel&nbsp;vedelate liimide (Sitol, PVA) jaoks. Peenikese otsaga on v\u00e4ga hea panna liimi paberist v\u00e4ljal\u00f5igetele, v\u00e4ikestele detailidele jne.<br \/>\nKui liim tekitab ummistuse, siis nt n\u00f6\u00f6pn\u00f5ela abiga saab metallist peenikese toru taas puhtaks.<\/p>\n<p style=\"margin: 0px 0px 20px;, Helvetica, sans-serif\">&nbsp;<\/p>","protected":false},"excerpt":{"rendered":"<p>Suurep\u00e4rane&nbsp;pudel&nbsp;vedelate liimide (Sitol, PVA) jaoks. Peenikese otsaga on v\u00e4ga hea panna liimi paberist v\u00e4ljal\u00f5igetele, v\u00e4ikestele detailidele jne. Kui liim tekitab ummistuse, siis nt n\u00f6\u00f6pn\u00f5ela abiga saab metallist peenikese toru taas puhtaks. &nbsp;<\/p>","protected":false},"featured_media":18178,"template":"","meta":[],"product_brand":[],"product_cat":[287],"product_tag":[],"class_list":{"0":"post-18179","1":"product","2":"type-product","3":"status-publish","4":"has-post-thumbnail","6":"product_cat-toovahendid","8":"first","9":"instock","10":"taxable","11":"shipping-taxable","12":"purchasable","13":"product-type-simple","14":"prodpage-classic"},"_links":{"self":[{"href":"https:\/\/summerdesign.ee\/en\/wp-json\/wp\/v2\/product\/18179","targetHints":{"allow":["GET"]}}],"collection":[{"href":"https:\/\/summerdesign.ee\/en\/wp-json\/wp\/v2\/product"}],"about":[{"href":"https:\/\/summerdesign.ee\/en\/wp-json\/wp\/v2\/types\/product"}],"wp:featuredmedia":[{"embeddable":true,"href":"https:\/\/summerdesign.ee\/en\/wp-json\/wp\/v2\/media\/18178"}],"wp:attachment":[{"href":"https:\/\/summerdesign.ee\/en\/wp-json\/wp\/v2\/media?parent=18179"}],"wp:term":[{"taxonomy":"product_brand","embeddable":true,"href":"https:\/\/summerdesign.ee\/en\/wp-json\/wp\/v2\/product_brand?post=18179"},{"taxonomy":"product_cat","embeddable":true,"href":"https:\/\/summerdesign.ee\/en\/wp-json\/wp\/v2\/product_cat?post=18179"},{"taxonomy":"product_tag","embeddable":true,"href":"https:\/\/summerdesign.ee\/en\/wp-json\/wp\/v2\/product_tag?post=18179"}],"curies":[{"name":"wp","href":"https:\/\/api.w.org\/{rel}","templated":true}]}}