{"id":18087,"date":"2024-04-10T19:51:31","date_gmt":"2024-04-10T16:51:31","guid":{"rendered":"https:\/\/summerdesign.ee\/toode\/earthaware-rannakott-erinevat-varvi\/"},"modified":"2025-10-24T03:00:15","modified_gmt":"2025-10-24T00:00:15","slug":"earthaware-rannakott-erinevat-varvi","status":"publish","type":"product","link":"https:\/\/summerdesign.ee\/en\/pood\/ettetellimine\/muud-kotid-tellimisega\/earthaware-rannakott-erinevat-varvi\/","title":{"rendered":"EarthAware\u00ae rannakott &#8211; erinevat v\u00e4rvi"},"content":{"rendered":"<p>Orgaaniline puuvillane rannakott, mis on tugevast kangast.<br \/>\nNaturaalsest puidust&nbsp; sulgur<br \/>\nSaab kanda k\u00e4es v\u00f5i \u00fcle \u00f5la<br \/>\nPuuvillasest rihmast kandesangad<br \/>\nK\u00e4epideme pikkus &#8211; 60 cm<br \/>\nMahutavus: 30 liitrit<\/p>","protected":false},"excerpt":{"rendered":"<p>M\u00f5\u00f5dud: 40 x 39 x 19 cm<br \/>\nMaterjal: 100% puuvill, 340 g\/m\u00b2<\/p>","protected":false},"featured_media":18086,"template":"","meta":[],"product_brand":[],"product_cat":[630],"product_tag":[],"class_list":{"0":"post-18087","1":"product","2":"type-product","3":"status-publish","4":"has-post-thumbnail","6":"product_cat-muud-kotid-tellimisega","8":"first","9":"onbackorder","10":"taxable","11":"shipping-taxable","12":"purchasable","13":"product-type-variable","14":"prodpage-classic"},"_links":{"self":[{"href":"https:\/\/summerdesign.ee\/en\/wp-json\/wp\/v2\/product\/18087","targetHints":{"allow":["GET"]}}],"collection":[{"href":"https:\/\/summerdesign.ee\/en\/wp-json\/wp\/v2\/product"}],"about":[{"href":"https:\/\/summerdesign.ee\/en\/wp-json\/wp\/v2\/types\/product"}],"wp:featuredmedia":[{"embeddable":true,"href":"https:\/\/summerdesign.ee\/en\/wp-json\/wp\/v2\/media\/18086"}],"wp:attachment":[{"href":"https:\/\/summerdesign.ee\/en\/wp-json\/wp\/v2\/media?parent=18087"}],"wp:term":[{"taxonomy":"product_brand","embeddable":true,"href":"https:\/\/summerdesign.ee\/en\/wp-json\/wp\/v2\/product_brand?post=18087"},{"taxonomy":"product_cat","embeddable":true,"href":"https:\/\/summerdesign.ee\/en\/wp-json\/wp\/v2\/product_cat?post=18087"},{"taxonomy":"product_tag","embeddable":true,"href":"https:\/\/summerdesign.ee\/en\/wp-json\/wp\/v2\/product_tag?post=18087"}],"curies":[{"name":"wp","href":"https:\/\/api.w.org\/{rel}","templated":true}]}}