{"id":18074,"date":"2024-04-10T18:06:34","date_gmt":"2024-04-10T15:06:34","guid":{"rendered":"https:\/\/summerdesign.ee\/toode\/jute-suur-kandekott-luhemate-sangadega-naturaalne\/"},"modified":"2025-10-23T08:23:41","modified_gmt":"2025-10-23T05:23:41","slug":"jute-suur-kandekott-luhemate-sangadega-naturaalne","status":"publish","type":"product","link":"https:\/\/summerdesign.ee\/en\/pood\/ettetellimine\/muud-kotid-tellimisega\/jute-suur-kandekott-luhemate-sangadega-naturaalne\/","title":{"rendered":"Jute suur kandekott l\u00fchemate sangadega &#8211; naturaalne"},"content":{"rendered":"<p>V\u00e4ga tugev ja vastupidav kott, millel on l\u00fchikesed sangad.<\/p>","protected":false},"excerpt":{"rendered":"<p>M\u00f5\u00f5dud: 45 x 39 x 21 cm<br \/>\nMaterjal: 100% jute<\/p>","protected":false},"featured_media":18073,"template":"","meta":[],"product_brand":[],"product_cat":[630],"product_tag":[],"class_list":{"0":"post-18074","1":"product","2":"type-product","3":"status-publish","4":"has-post-thumbnail","6":"product_cat-muud-kotid-tellimisega","8":"first","9":"onbackorder","10":"taxable","11":"shipping-taxable","12":"purchasable","13":"product-type-simple","14":"prodpage-classic"},"_links":{"self":[{"href":"https:\/\/summerdesign.ee\/en\/wp-json\/wp\/v2\/product\/18074","targetHints":{"allow":["GET"]}}],"collection":[{"href":"https:\/\/summerdesign.ee\/en\/wp-json\/wp\/v2\/product"}],"about":[{"href":"https:\/\/summerdesign.ee\/en\/wp-json\/wp\/v2\/types\/product"}],"wp:featuredmedia":[{"embeddable":true,"href":"https:\/\/summerdesign.ee\/en\/wp-json\/wp\/v2\/media\/18073"}],"wp:attachment":[{"href":"https:\/\/summerdesign.ee\/en\/wp-json\/wp\/v2\/media?parent=18074"}],"wp:term":[{"taxonomy":"product_brand","embeddable":true,"href":"https:\/\/summerdesign.ee\/en\/wp-json\/wp\/v2\/product_brand?post=18074"},{"taxonomy":"product_cat","embeddable":true,"href":"https:\/\/summerdesign.ee\/en\/wp-json\/wp\/v2\/product_cat?post=18074"},{"taxonomy":"product_tag","embeddable":true,"href":"https:\/\/summerdesign.ee\/en\/wp-json\/wp\/v2\/product_tag?post=18074"}],"curies":[{"name":"wp","href":"https:\/\/api.w.org\/{rel}","templated":true}]}}