{"id":17990,"date":"2024-04-03T10:02:17","date_gmt":"2024-04-03T07:02:17","guid":{"rendered":"https:\/\/summerdesign.ee\/toode\/termos-600-ml-must\/"},"modified":"2025-11-19T03:00:09","modified_gmt":"2025-11-19T00:00:09","slug":"termos-600-ml-must","status":"publish","type":"product","link":"https:\/\/summerdesign.ee\/en\/pood\/tarvikud\/toorikud\/termos-600-ml-must\/","title":{"rendered":"Termos 600 ml &#8211; must"},"content":{"rendered":"<p>Termos sobib enamus autode topsihoidjatesse ja kohvimasinate alla.<br \/>\nTermos ei l\u00e4he v\u00e4ljapoolt kuumaks. Testina valasime termosesse keeva vee ja 15 minuti m\u00f6\u00f6dudes oli termose v\u00e4line pind sama temperatuuriga nagu enne vee lisamist.&nbsp;<br \/>\n\u200bTermosekaanel on liugur, mida saab kergesti avatud ja kinnisesse asendisse l\u00fckata.<br \/>\nTermos on pakendatud mullikilesse ja valgesse karpi.<br \/>\nMugav k\u00e4es hoida.<br \/>\nRoostevabast terasest (SUS304)<br \/>\nBPA vaba<br \/>\nSoovituslik k\u00e4sipesu!<\/p>","protected":false},"excerpt":{"rendered":"<p>Mahutavus: 600 ml<br \/>\nM\u00f5\u00f5dud: termose ava v\u00e4line \u00d8 8,5 cm, p\u00f5hja \u00d8 7cm, k\u00f5rgus koos kaanega 17,5cm<\/p>","protected":false},"featured_media":17994,"template":"","meta":[],"product_brand":[],"product_cat":[633],"product_tag":[],"class_list":{"0":"post-17990","1":"product","2":"type-product","3":"status-publish","4":"has-post-thumbnail","6":"product_cat-toorikud","8":"first","9":"outofstock","10":"taxable","11":"shipping-taxable","12":"purchasable","13":"product-type-simple","14":"prodpage-classic"},"_links":{"self":[{"href":"https:\/\/summerdesign.ee\/en\/wp-json\/wp\/v2\/product\/17990","targetHints":{"allow":["GET"]}}],"collection":[{"href":"https:\/\/summerdesign.ee\/en\/wp-json\/wp\/v2\/product"}],"about":[{"href":"https:\/\/summerdesign.ee\/en\/wp-json\/wp\/v2\/types\/product"}],"wp:featuredmedia":[{"embeddable":true,"href":"https:\/\/summerdesign.ee\/en\/wp-json\/wp\/v2\/media\/17994"}],"wp:attachment":[{"href":"https:\/\/summerdesign.ee\/en\/wp-json\/wp\/v2\/media?parent=17990"}],"wp:term":[{"taxonomy":"product_brand","embeddable":true,"href":"https:\/\/summerdesign.ee\/en\/wp-json\/wp\/v2\/product_brand?post=17990"},{"taxonomy":"product_cat","embeddable":true,"href":"https:\/\/summerdesign.ee\/en\/wp-json\/wp\/v2\/product_cat?post=17990"},{"taxonomy":"product_tag","embeddable":true,"href":"https:\/\/summerdesign.ee\/en\/wp-json\/wp\/v2\/product_tag?post=17990"}],"curies":[{"name":"wp","href":"https:\/\/api.w.org\/{rel}","templated":true}]}}