{"id":17918,"date":"2024-03-31T12:47:28","date_gmt":"2024-03-31T09:47:28","guid":{"rendered":"https:\/\/summerdesign.ee\/toode\/kunstnahast-tualett-tarvete-kott\/"},"modified":"2025-10-22T16:12:36","modified_gmt":"2025-10-22T13:12:36","slug":"kunstnahast-tualett-tarvete-kott","status":"publish","type":"product","link":"https:\/\/summerdesign.ee\/en\/pood\/ettetellimine\/kunstnahast-tooted-tellimisega\/kunstnahast-tualett-tarvete-kott\/","title":{"rendered":"Kunstnahast tualett-tarvete kott"},"content":{"rendered":"<p>V\u00e4ga kvaliteetne ja korralik t\u00e4isnaha v\u00e4limusega PU-imitatsiooninahast tualett-tarvete kott.<br \/>\nT\u00e4ielikult vooderdatud triibulise kangaga<br \/>\nVintage stiilis metallist liitmikud<br \/>\nSisetaskud<br \/>\nMahutavus: 3 liitrit<\/p>","protected":false},"excerpt":{"rendered":"<p>M\u00f5\u00f5dud: 26 x 13 x 11 cm<\/p>","protected":false},"featured_media":17932,"template":"","meta":[],"product_brand":[],"product_cat":[623],"product_tag":[],"class_list":{"0":"post-17918","1":"product","2":"type-product","3":"status-publish","4":"has-post-thumbnail","6":"product_cat-kunstnahast-tooted-tellimisega","8":"first","9":"onbackorder","10":"taxable","11":"shipping-taxable","12":"purchasable","13":"product-type-variable","14":"prodpage-classic"},"_links":{"self":[{"href":"https:\/\/summerdesign.ee\/en\/wp-json\/wp\/v2\/product\/17918","targetHints":{"allow":["GET"]}}],"collection":[{"href":"https:\/\/summerdesign.ee\/en\/wp-json\/wp\/v2\/product"}],"about":[{"href":"https:\/\/summerdesign.ee\/en\/wp-json\/wp\/v2\/types\/product"}],"wp:featuredmedia":[{"embeddable":true,"href":"https:\/\/summerdesign.ee\/en\/wp-json\/wp\/v2\/media\/17932"}],"wp:attachment":[{"href":"https:\/\/summerdesign.ee\/en\/wp-json\/wp\/v2\/media?parent=17918"}],"wp:term":[{"taxonomy":"product_brand","embeddable":true,"href":"https:\/\/summerdesign.ee\/en\/wp-json\/wp\/v2\/product_brand?post=17918"},{"taxonomy":"product_cat","embeddable":true,"href":"https:\/\/summerdesign.ee\/en\/wp-json\/wp\/v2\/product_cat?post=17918"},{"taxonomy":"product_tag","embeddable":true,"href":"https:\/\/summerdesign.ee\/en\/wp-json\/wp\/v2\/product_tag?post=17918"}],"curies":[{"name":"wp","href":"https:\/\/api.w.org\/{rel}","templated":true}]}}