{"id":17914,"date":"2024-03-31T12:47:24","date_gmt":"2024-03-31T09:47:24","guid":{"rendered":"https:\/\/summerdesign.ee\/toode\/kunstnahast-kott\/"},"modified":"2025-10-22T16:17:25","modified_gmt":"2025-10-22T13:17:25","slug":"kunstnahast-kott","status":"publish","type":"product","link":"https:\/\/summerdesign.ee\/en\/pood\/ettetellimine\/kunstnahast-tooted-tellimisega\/kunstnahast-kott\/","title":{"rendered":"Kunstnahast kott"},"content":{"rendered":"<p>V\u00e4ga kvaliteetne ja korralik t\u00e4isnaha v\u00e4limusega PU-imitatsiooninahast kott, mis sobib reisikotiks, trennikotiks jne. Kott sobib v\u00e4limuselt nii naisele kui mehele.<br \/>\nT\u00e4ielikult vooderdatud triibulise kangaga<br \/>\nKr\u00f5pskinnitusega allaklapitavad otsad<br \/>\nMetallist liitmikud<br \/>\nSisemine v\u00e4\u00e4risesemete tasku<br \/>\nSisemine p\u00f5hjaliist<br \/>\nEriti pikk p\u00f5hisahtli t\u00f5mblukk lihtsaks juurdep\u00e4\u00e4suks<br \/>\nKandesangad, mis on sellise pikkusega, et saab\u00a0kanda k\u00e4es v\u00f5i \u00fcle \u00f5la.<br \/>\nMahutavus: 30 liitrit<\/p>","protected":false},"excerpt":{"rendered":"<p>M\u00f5\u00f5dud: 56 x 28 x 29 cm<\/p>","protected":false},"featured_media":17913,"template":"","meta":[],"product_brand":[],"product_cat":[623],"product_tag":[],"class_list":{"0":"post-17914","1":"product","2":"type-product","3":"status-publish","4":"has-post-thumbnail","6":"product_cat-kunstnahast-tooted-tellimisega","8":"first","9":"onbackorder","10":"taxable","11":"shipping-taxable","12":"purchasable","13":"product-type-variable","14":"prodpage-classic"},"_links":{"self":[{"href":"https:\/\/summerdesign.ee\/en\/wp-json\/wp\/v2\/product\/17914","targetHints":{"allow":["GET"]}}],"collection":[{"href":"https:\/\/summerdesign.ee\/en\/wp-json\/wp\/v2\/product"}],"about":[{"href":"https:\/\/summerdesign.ee\/en\/wp-json\/wp\/v2\/types\/product"}],"wp:featuredmedia":[{"embeddable":true,"href":"https:\/\/summerdesign.ee\/en\/wp-json\/wp\/v2\/media\/17913"}],"wp:attachment":[{"href":"https:\/\/summerdesign.ee\/en\/wp-json\/wp\/v2\/media?parent=17914"}],"wp:term":[{"taxonomy":"product_brand","embeddable":true,"href":"https:\/\/summerdesign.ee\/en\/wp-json\/wp\/v2\/product_brand?post=17914"},{"taxonomy":"product_cat","embeddable":true,"href":"https:\/\/summerdesign.ee\/en\/wp-json\/wp\/v2\/product_cat?post=17914"},{"taxonomy":"product_tag","embeddable":true,"href":"https:\/\/summerdesign.ee\/en\/wp-json\/wp\/v2\/product_tag?post=17914"}],"curies":[{"name":"wp","href":"https:\/\/api.w.org\/{rel}","templated":true}]}}