{"id":17912,"date":"2024-03-31T12:47:23","date_gmt":"2024-03-31T09:47:23","guid":{"rendered":"https:\/\/summerdesign.ee\/toode\/kunstnahast-tarvikute-kott\/"},"modified":"2025-10-22T16:21:04","modified_gmt":"2025-10-22T13:21:04","slug":"kunstnahast-tarvikute-kott","status":"publish","type":"product","link":"https:\/\/summerdesign.ee\/en\/pood\/ettetellimine\/kunstnahast-tooted-tellimisega\/kunstnahast-tarvikute-kott\/","title":{"rendered":"Kunstnahast tarvikute kott"},"content":{"rendered":"<p>V\u00e4ga kvaliteetne ja korralik t\u00e4isnaha v\u00e4limusega PU-imitatsiooninahast tarvikute kott.<br \/>\nT\u00e4ielikult vooderdatud triibulise kangaga<br \/>\nTahvelarvutitele sobiva suurusega<br \/>\nT\u00f5mblukuga p\u00f5hisahtel<br \/>\nMahutavus: u. 2 liitrit<\/p>","protected":false},"excerpt":{"rendered":"<p>M\u00f5\u00f5dud: 28 x 20 cm<\/p>","protected":false},"featured_media":17937,"template":"","meta":[],"product_brand":[],"product_cat":[623],"product_tag":[],"class_list":{"0":"post-17912","1":"product","2":"type-product","3":"status-publish","4":"has-post-thumbnail","6":"product_cat-kunstnahast-tooted-tellimisega","8":"first","9":"onbackorder","10":"taxable","11":"shipping-taxable","12":"purchasable","13":"product-type-variable","14":"prodpage-classic"},"_links":{"self":[{"href":"https:\/\/summerdesign.ee\/en\/wp-json\/wp\/v2\/product\/17912","targetHints":{"allow":["GET"]}}],"collection":[{"href":"https:\/\/summerdesign.ee\/en\/wp-json\/wp\/v2\/product"}],"about":[{"href":"https:\/\/summerdesign.ee\/en\/wp-json\/wp\/v2\/types\/product"}],"wp:featuredmedia":[{"embeddable":true,"href":"https:\/\/summerdesign.ee\/en\/wp-json\/wp\/v2\/media\/17937"}],"wp:attachment":[{"href":"https:\/\/summerdesign.ee\/en\/wp-json\/wp\/v2\/media?parent=17912"}],"wp:term":[{"taxonomy":"product_brand","embeddable":true,"href":"https:\/\/summerdesign.ee\/en\/wp-json\/wp\/v2\/product_brand?post=17912"},{"taxonomy":"product_cat","embeddable":true,"href":"https:\/\/summerdesign.ee\/en\/wp-json\/wp\/v2\/product_cat?post=17912"},{"taxonomy":"product_tag","embeddable":true,"href":"https:\/\/summerdesign.ee\/en\/wp-json\/wp\/v2\/product_tag?post=17912"}],"curies":[{"name":"wp","href":"https:\/\/api.w.org\/{rel}","templated":true}]}}