{"id":17880,"date":"2024-03-30T17:17:56","date_gmt":"2024-03-30T14:17:56","guid":{"rendered":"https:\/\/summerdesign.ee\/toode\/pinal-5-tk-erinevat-varvi\/"},"modified":"2025-10-23T08:43:31","modified_gmt":"2025-10-23T05:43:31","slug":"pinal-5-tk-erinevat-varvi","status":"publish","type":"product","link":"https:\/\/summerdesign.ee\/en\/pood\/ettetellimine\/muud-kotid-tellimisega\/pinal-5-tk-erinevat-varvi\/","title":{"rendered":"Pinal 21 x 14 cm 5 tk &#8211; erinevat v\u00e4rvi"},"content":{"rendered":"<p>T\u00f5mblukuga p\u00f5hisahtel ja koti sees on silt kuhu saab nime kirjutada.<\/p>","protected":false},"excerpt":{"rendered":"<p>M\u00f5\u00f5dud: 21 x 14 cm<br \/>\nMaterjal: 100% pol\u00fcester<br \/>\nPakis: 5 tk<\/p>","protected":false},"featured_media":17879,"template":"","meta":[],"product_brand":[],"product_cat":[630],"product_tag":[],"class_list":{"0":"post-17880","1":"product","2":"type-product","3":"status-publish","4":"has-post-thumbnail","6":"product_cat-muud-kotid-tellimisega","8":"first","9":"onbackorder","10":"taxable","11":"shipping-taxable","12":"purchasable","13":"product-type-variable","14":"prodpage-classic"},"_links":{"self":[{"href":"https:\/\/summerdesign.ee\/en\/wp-json\/wp\/v2\/product\/17880","targetHints":{"allow":["GET"]}}],"collection":[{"href":"https:\/\/summerdesign.ee\/en\/wp-json\/wp\/v2\/product"}],"about":[{"href":"https:\/\/summerdesign.ee\/en\/wp-json\/wp\/v2\/types\/product"}],"wp:featuredmedia":[{"embeddable":true,"href":"https:\/\/summerdesign.ee\/en\/wp-json\/wp\/v2\/media\/17879"}],"wp:attachment":[{"href":"https:\/\/summerdesign.ee\/en\/wp-json\/wp\/v2\/media?parent=17880"}],"wp:term":[{"taxonomy":"product_brand","embeddable":true,"href":"https:\/\/summerdesign.ee\/en\/wp-json\/wp\/v2\/product_brand?post=17880"},{"taxonomy":"product_cat","embeddable":true,"href":"https:\/\/summerdesign.ee\/en\/wp-json\/wp\/v2\/product_cat?post=17880"},{"taxonomy":"product_tag","embeddable":true,"href":"https:\/\/summerdesign.ee\/en\/wp-json\/wp\/v2\/product_tag?post=17880"}],"curies":[{"name":"wp","href":"https:\/\/api.w.org\/{rel}","templated":true}]}}