{"id":17856,"date":"2024-03-30T13:02:36","date_gmt":"2024-03-30T10:02:36","guid":{"rendered":"https:\/\/summerdesign.ee\/toode\/sametine-kott-rose-quartz\/"},"modified":"2025-10-23T10:20:35","modified_gmt":"2025-10-23T07:20:35","slug":"sametine-kott-rose-quartz","status":"publish","type":"product","link":"https:\/\/summerdesign.ee\/en\/pood\/ettetellimine\/sametised-tooted-tellimisega\/sametine-kott-rose-quartz\/","title":{"rendered":"Sametine kott &#8211; rose quartz"},"content":{"rendered":"<p>Sametise pinnaga p\u00f5hjaga kott on valmistatud 100% taaskasutatud pol\u00fcester sametist ja vooder 100% taaskasutatud pol\u00fcester.<br \/>\nKaunistuseks peidetud lukuga vooder.<br \/>\nKuldne metallist t\u00f5mblukk.<\/p>","protected":false},"excerpt":{"rendered":"<p>Kott on saadaval kahes suuruses!<\/p>","protected":false},"featured_media":17875,"template":"","meta":[],"product_brand":[],"product_cat":[631],"product_tag":[],"class_list":{"0":"post-17856","1":"product","2":"type-product","3":"status-publish","4":"has-post-thumbnail","6":"product_cat-sametised-tooted-tellimisega","8":"first","9":"onbackorder","10":"taxable","11":"shipping-taxable","12":"purchasable","13":"product-type-variable","14":"prodpage-classic"},"_links":{"self":[{"href":"https:\/\/summerdesign.ee\/en\/wp-json\/wp\/v2\/product\/17856","targetHints":{"allow":["GET"]}}],"collection":[{"href":"https:\/\/summerdesign.ee\/en\/wp-json\/wp\/v2\/product"}],"about":[{"href":"https:\/\/summerdesign.ee\/en\/wp-json\/wp\/v2\/types\/product"}],"wp:featuredmedia":[{"embeddable":true,"href":"https:\/\/summerdesign.ee\/en\/wp-json\/wp\/v2\/media\/17875"}],"wp:attachment":[{"href":"https:\/\/summerdesign.ee\/en\/wp-json\/wp\/v2\/media?parent=17856"}],"wp:term":[{"taxonomy":"product_brand","embeddable":true,"href":"https:\/\/summerdesign.ee\/en\/wp-json\/wp\/v2\/product_brand?post=17856"},{"taxonomy":"product_cat","embeddable":true,"href":"https:\/\/summerdesign.ee\/en\/wp-json\/wp\/v2\/product_cat?post=17856"},{"taxonomy":"product_tag","embeddable":true,"href":"https:\/\/summerdesign.ee\/en\/wp-json\/wp\/v2\/product_tag?post=17856"}],"curies":[{"name":"wp","href":"https:\/\/api.w.org\/{rel}","templated":true}]}}