{"id":17852,"date":"2024-03-30T13:02:33","date_gmt":"2024-03-30T10:02:33","guid":{"rendered":"https:\/\/summerdesign.ee\/toode\/sametine-kott-moonstone\/"},"modified":"2025-10-23T10:22:45","modified_gmt":"2025-10-23T07:22:45","slug":"sametine-kott-moonstone","status":"publish","type":"product","link":"https:\/\/summerdesign.ee\/en\/pood\/ettetellimine\/sametised-tooted-tellimisega\/sametine-kott-moonstone\/","title":{"rendered":"Sametine kott &#8211; moonstone"},"content":{"rendered":"<p>Sametise pinnaga p\u00f5hjaga kott on valmistatud 100% taaskasutatud pol\u00fcester sametist ja vooder 100% taaskasutatud pol\u00fcester.<br \/>\nKaunistuseks peidetud lukuga vooder.<br \/>\nKuldne metallist t\u00f5mblukk.<\/p>","protected":false},"excerpt":{"rendered":"<p>Kott on saadaval kahes suuruses!<\/p>","protected":false},"featured_media":17873,"template":"","meta":[],"product_brand":[],"product_cat":[631],"product_tag":[],"class_list":{"0":"post-17852","1":"product","2":"type-product","3":"status-publish","4":"has-post-thumbnail","6":"product_cat-sametised-tooted-tellimisega","8":"first","9":"onbackorder","10":"taxable","11":"shipping-taxable","12":"purchasable","13":"product-type-variable","14":"prodpage-classic"},"_links":{"self":[{"href":"https:\/\/summerdesign.ee\/en\/wp-json\/wp\/v2\/product\/17852","targetHints":{"allow":["GET"]}}],"collection":[{"href":"https:\/\/summerdesign.ee\/en\/wp-json\/wp\/v2\/product"}],"about":[{"href":"https:\/\/summerdesign.ee\/en\/wp-json\/wp\/v2\/types\/product"}],"wp:featuredmedia":[{"embeddable":true,"href":"https:\/\/summerdesign.ee\/en\/wp-json\/wp\/v2\/media\/17873"}],"wp:attachment":[{"href":"https:\/\/summerdesign.ee\/en\/wp-json\/wp\/v2\/media?parent=17852"}],"wp:term":[{"taxonomy":"product_brand","embeddable":true,"href":"https:\/\/summerdesign.ee\/en\/wp-json\/wp\/v2\/product_brand?post=17852"},{"taxonomy":"product_cat","embeddable":true,"href":"https:\/\/summerdesign.ee\/en\/wp-json\/wp\/v2\/product_cat?post=17852"},{"taxonomy":"product_tag","embeddable":true,"href":"https:\/\/summerdesign.ee\/en\/wp-json\/wp\/v2\/product_tag?post=17852"}],"curies":[{"name":"wp","href":"https:\/\/api.w.org\/{rel}","templated":true}]}}