{"id":17763,"date":"2024-03-29T12:17:20","date_gmt":"2024-03-29T09:17:20","guid":{"rendered":"https:\/\/summerdesign.ee\/toode\/trennikott-roosa-halliga-2\/"},"modified":"2025-10-23T13:38:53","modified_gmt":"2025-10-23T10:38:53","slug":"trennikott-roosa-halliga-2","status":"publish","type":"product","link":"https:\/\/summerdesign.ee\/en\/pood\/ettetellimine\/selja-ja-spordikotid-tellimisega\/trennikott-roosa-halliga-2\/","title":{"rendered":"Trennikott &#8211; roosa halliga"},"content":{"rendered":"<p>Retro stiil trennikott, millel on reguleeritav ja eemaldatav \u00f5larihm.<br \/>\nSaab kanda k\u00e4es v\u00f5i \u00fcle \u00f5la.<br \/>\nT\u00f5mblukuga p\u00f5hisahtel ja esitasku<br \/>\nSisemine v\u00f5rktasku ja p\u00f5hjaliist\/tugevdus<br \/>\nMahutavus: 15 liitrit<\/p>","protected":false},"excerpt":{"rendered":"<p>M\u00f5\u00f5dud: 39 x 29 x 16 cm<br \/>\nMaterjal: 100% pol\u00fcester<\/p>","protected":false},"featured_media":17762,"template":"","meta":[],"product_brand":[],"product_cat":[620],"product_tag":[],"class_list":{"0":"post-17763","1":"product","2":"type-product","3":"status-publish","4":"has-post-thumbnail","6":"product_cat-selja-ja-spordikotid-tellimisega","8":"first","9":"onbackorder","10":"taxable","11":"shipping-taxable","12":"purchasable","13":"product-type-simple","14":"prodpage-classic"},"_links":{"self":[{"href":"https:\/\/summerdesign.ee\/en\/wp-json\/wp\/v2\/product\/17763","targetHints":{"allow":["GET"]}}],"collection":[{"href":"https:\/\/summerdesign.ee\/en\/wp-json\/wp\/v2\/product"}],"about":[{"href":"https:\/\/summerdesign.ee\/en\/wp-json\/wp\/v2\/types\/product"}],"wp:featuredmedia":[{"embeddable":true,"href":"https:\/\/summerdesign.ee\/en\/wp-json\/wp\/v2\/media\/17762"}],"wp:attachment":[{"href":"https:\/\/summerdesign.ee\/en\/wp-json\/wp\/v2\/media?parent=17763"}],"wp:term":[{"taxonomy":"product_brand","embeddable":true,"href":"https:\/\/summerdesign.ee\/en\/wp-json\/wp\/v2\/product_brand?post=17763"},{"taxonomy":"product_cat","embeddable":true,"href":"https:\/\/summerdesign.ee\/en\/wp-json\/wp\/v2\/product_cat?post=17763"},{"taxonomy":"product_tag","embeddable":true,"href":"https:\/\/summerdesign.ee\/en\/wp-json\/wp\/v2\/product_tag?post=17763"}],"curies":[{"name":"wp","href":"https:\/\/api.w.org\/{rel}","templated":true}]}}