{"id":17619,"date":"2024-03-25T15:47:08","date_gmt":"2024-03-25T12:47:08","guid":{"rendered":"https:\/\/summerdesign.ee\/toode\/sheikeri-ringid-raam-4-mm-o-16-cm-5tk\/"},"modified":"2025-01-14T11:10:36","modified_gmt":"2025-01-14T08:10:36","slug":"sheikeri-ringid-raam-4-mm-o-16-cm-5tk","status":"publish","type":"product","link":"https:\/\/summerdesign.ee\/en\/pood\/tarvikud\/toovahendid\/sheikeri-ringid-raam-4-mm-o-16-cm-5tk\/","title":{"rendered":"Sheikeri ringid &#8211; raam 4 mm \u00d8 16 cm 5tk"},"content":{"rendered":"<p>Toorikud on kaheltpoolt\u00a0iseliimuva pinnaga kergest vahtplaadist.<br \/>\nValminud Summer Design O\u00dc tellimusel Eestis!<\/p>","protected":false},"excerpt":{"rendered":"<p>V\u00e4line m\u00f5\u00f5t raamil: 16 cm<br \/>\nRaami laius 4 mm ja k\u00f5rgus 3 mm<br \/>\nPakis: 5 tk<\/p>","protected":false},"featured_media":17618,"template":"","meta":[],"product_brand":[],"product_cat":[287],"product_tag":[],"class_list":{"0":"post-17619","1":"product","2":"type-product","3":"status-publish","4":"has-post-thumbnail","6":"product_cat-toovahendid","8":"first","9":"outofstock","10":"purchasable","11":"product-type-simple","12":"prodpage-classic"},"_links":{"self":[{"href":"https:\/\/summerdesign.ee\/en\/wp-json\/wp\/v2\/product\/17619","targetHints":{"allow":["GET"]}}],"collection":[{"href":"https:\/\/summerdesign.ee\/en\/wp-json\/wp\/v2\/product"}],"about":[{"href":"https:\/\/summerdesign.ee\/en\/wp-json\/wp\/v2\/types\/product"}],"wp:featuredmedia":[{"embeddable":true,"href":"https:\/\/summerdesign.ee\/en\/wp-json\/wp\/v2\/media\/17618"}],"wp:attachment":[{"href":"https:\/\/summerdesign.ee\/en\/wp-json\/wp\/v2\/media?parent=17619"}],"wp:term":[{"taxonomy":"product_brand","embeddable":true,"href":"https:\/\/summerdesign.ee\/en\/wp-json\/wp\/v2\/product_brand?post=17619"},{"taxonomy":"product_cat","embeddable":true,"href":"https:\/\/summerdesign.ee\/en\/wp-json\/wp\/v2\/product_cat?post=17619"},{"taxonomy":"product_tag","embeddable":true,"href":"https:\/\/summerdesign.ee\/en\/wp-json\/wp\/v2\/product_tag?post=17619"}],"curies":[{"name":"wp","href":"https:\/\/api.w.org\/{rel}","templated":true}]}}