{"id":17576,"date":"2024-03-24T18:03:04","date_gmt":"2024-03-24T15:03:04","guid":{"rendered":"https:\/\/summerdesign.ee\/?post_type=product&#038;p=17576"},"modified":"2025-02-23T23:01:43","modified_gmt":"2025-02-23T20:01:43","slug":"trennikott-must-fuksiaga","status":"publish","type":"product","link":"https:\/\/summerdesign.ee\/en\/pood\/iron-on\/trennikott-must-fuksiaga\/","title":{"rendered":"Trennikott &#8211; must fuksiaga"},"content":{"rendered":"<p>Retro stiil trennikott, millel on reguleeritav ja eemaldatav \u00f5larihm.<br \/>\nSaab kanda k\u00e4es v\u00f5i \u00fcle \u00f5la.<br \/>\nT\u00f5mblukuga p\u00f5hisahtel ja esitasku<br \/>\nSisemine v\u00f5rktasku ja p\u00f5hjaliist\/tugevdus<br \/>\nMahutavus: 15 liitrit<\/p>","protected":false},"excerpt":{"rendered":"<p>M\u00f5\u00f5dud: 39 x 29 x 16 cm<br \/>\nMaterjal: 100% pol\u00fcester<\/p>","protected":false},"featured_media":17577,"template":"","meta":[],"product_brand":[],"product_cat":[15],"product_tag":[],"class_list":{"0":"post-17576","1":"product","2":"type-product","3":"status-publish","4":"has-post-thumbnail","6":"product_cat-iron-on","8":"first","9":"onbackorder","10":"purchasable","11":"product-type-simple","12":"prodpage-classic"},"_links":{"self":[{"href":"https:\/\/summerdesign.ee\/en\/wp-json\/wp\/v2\/product\/17576","targetHints":{"allow":["GET"]}}],"collection":[{"href":"https:\/\/summerdesign.ee\/en\/wp-json\/wp\/v2\/product"}],"about":[{"href":"https:\/\/summerdesign.ee\/en\/wp-json\/wp\/v2\/types\/product"}],"wp:featuredmedia":[{"embeddable":true,"href":"https:\/\/summerdesign.ee\/en\/wp-json\/wp\/v2\/media\/17577"}],"wp:attachment":[{"href":"https:\/\/summerdesign.ee\/en\/wp-json\/wp\/v2\/media?parent=17576"}],"wp:term":[{"taxonomy":"product_brand","embeddable":true,"href":"https:\/\/summerdesign.ee\/en\/wp-json\/wp\/v2\/product_brand?post=17576"},{"taxonomy":"product_cat","embeddable":true,"href":"https:\/\/summerdesign.ee\/en\/wp-json\/wp\/v2\/product_cat?post=17576"},{"taxonomy":"product_tag","embeddable":true,"href":"https:\/\/summerdesign.ee\/en\/wp-json\/wp\/v2\/product_tag?post=17576"}],"curies":[{"name":"wp","href":"https:\/\/api.w.org\/{rel}","templated":true}]}}