{"id":17473,"date":"2024-03-20T23:38:20","date_gmt":"2024-03-20T20:38:20","guid":{"rendered":"https:\/\/summerdesign.ee\/toode\/mahuline-teip-a5-lehena-3-mm-2-tk\/"},"modified":"2026-03-29T09:56:05","modified_gmt":"2026-03-29T06:56:05","slug":"mahuline-teip-a5-lehena-3-mm-2-tk","status":"publish","type":"product","link":"https:\/\/summerdesign.ee\/en\/pood\/soodus\/mahuline-teip-a5-lehena-3-mm-2-tk\/","title":{"rendered":"Mahuline teip A5 lehena 3 mm 2 tk"},"content":{"rendered":"<p>Kahepoolse liimiga mahuline teip lehena, kust saad l\u00f5igata omale meelep\u00e4rase suurusega t\u00fckke, et lisada oma meisterdustele mahulist ehk 3D efekti.<\/p>","protected":false},"excerpt":{"rendered":"<p>Kahepoolse liimiga mahuline teip lehena, kust saad l\u00f5igata omale meelep\u00e4rase suurusega t\u00fckke, et lisada oma meisterdustele mahulist ehk 3D efekti.<\/p>","protected":false},"featured_media":17472,"template":"","meta":[],"product_brand":[],"product_cat":[311],"product_tag":[],"class_list":{"0":"post-17473","1":"product","2":"type-product","3":"status-publish","4":"has-post-thumbnail","6":"product_cat-soodus","8":"first","9":"instock","10":"sale","11":"taxable","12":"shipping-taxable","13":"purchasable","14":"product-type-simple","15":"prodpage-classic"},"_links":{"self":[{"href":"https:\/\/summerdesign.ee\/en\/wp-json\/wp\/v2\/product\/17473","targetHints":{"allow":["GET"]}}],"collection":[{"href":"https:\/\/summerdesign.ee\/en\/wp-json\/wp\/v2\/product"}],"about":[{"href":"https:\/\/summerdesign.ee\/en\/wp-json\/wp\/v2\/types\/product"}],"wp:featuredmedia":[{"embeddable":true,"href":"https:\/\/summerdesign.ee\/en\/wp-json\/wp\/v2\/media\/17472"}],"wp:attachment":[{"href":"https:\/\/summerdesign.ee\/en\/wp-json\/wp\/v2\/media?parent=17473"}],"wp:term":[{"taxonomy":"product_brand","embeddable":true,"href":"https:\/\/summerdesign.ee\/en\/wp-json\/wp\/v2\/product_brand?post=17473"},{"taxonomy":"product_cat","embeddable":true,"href":"https:\/\/summerdesign.ee\/en\/wp-json\/wp\/v2\/product_cat?post=17473"},{"taxonomy":"product_tag","embeddable":true,"href":"https:\/\/summerdesign.ee\/en\/wp-json\/wp\/v2\/product_tag?post=17473"}],"curies":[{"name":"wp","href":"https:\/\/api.w.org\/{rel}","templated":true}]}}