{"id":17453,"date":"2024-03-17T17:08:17","date_gmt":"2024-03-17T14:08:17","guid":{"rendered":"https:\/\/summerdesign.ee\/toode\/prinditav-vinuulkleebis-ja-holo-kattekile-komplekt-tahekesed\/"},"modified":"2025-10-21T20:24:27","modified_gmt":"2025-10-21T17:24:27","slug":"prinditav-vinuulkleebis-ja-holo-kattekile-komplekt-tahekesed","status":"publish","type":"product","link":"https:\/\/summerdesign.ee\/en\/pood\/vinuulkleebis\/prinditav-vinuulkleebis-ja-ulekandeteip\/prinditav-vinuulkleebis-ja-holo-kattekile-komplekt-tahekesed\/","title":{"rendered":"Prinditav vin\u00fc\u00fclkleebis ja holo kattekile komplekt &#8211; t\u00e4hekesed"},"content":{"rendered":"<p><span style=\", Helvetica, sans-serif\">V\u00e4ga kvaliteetsed ja tugeva liimuvusega prinditavad vin\u00fc\u00fclkleebised, mille on v\u00e4ga lihtne teha soovi j\u00e4rgi kleebiseid ja kattekilega lisada holograafilist efekti.<\/span><br style=\", Helvetica, sans-serif\" \/><br \/>\n<span style=\", Helvetica, sans-serif\">Prinditav vin\u00fc\u00fclkleebis sobib kasutamiseks tindi- ja laserprinteriga.&nbsp;<br \/>\nTr\u00fckkimisel valida glossy photo paper ja high quality.<br \/>\nPeale printimist lisada hologramm iseliimuv kattekile, mis on \u200bUV-kindel<\/span><span style=\", Helvetica, sans-serif\">, veekindel, r<\/span><span style=\", Helvetica, sans-serif\">ebenemiskindel ja kriimukindel.\u200b<br \/>\nHologramm iseliimuv kattekile&nbsp;sobib kasutamiseks lamineerimismasinas, millel on k\u00fclm lamineerimise v\u00f5imalus.&nbsp;<\/span><\/p>","protected":false},"excerpt":{"rendered":"<p>Pakis: 5 lehte A4 matt prinditav vin\u00fc\u00fclkleebist ja 5 lehte A4 holograafiline iseliimuv kattekile.<\/p>","protected":false},"featured_media":17452,"template":"","meta":[],"product_brand":[],"product_cat":[539],"product_tag":[],"class_list":{"0":"post-17453","1":"product","2":"type-product","3":"status-publish","4":"has-post-thumbnail","6":"product_cat-prinditav-vinuulkleebis-ja-ulekandeteip","8":"first","9":"instock","10":"taxable","11":"shipping-taxable","12":"purchasable","13":"product-type-simple","14":"prodpage-classic"},"_links":{"self":[{"href":"https:\/\/summerdesign.ee\/en\/wp-json\/wp\/v2\/product\/17453","targetHints":{"allow":["GET"]}}],"collection":[{"href":"https:\/\/summerdesign.ee\/en\/wp-json\/wp\/v2\/product"}],"about":[{"href":"https:\/\/summerdesign.ee\/en\/wp-json\/wp\/v2\/types\/product"}],"wp:featuredmedia":[{"embeddable":true,"href":"https:\/\/summerdesign.ee\/en\/wp-json\/wp\/v2\/media\/17452"}],"wp:attachment":[{"href":"https:\/\/summerdesign.ee\/en\/wp-json\/wp\/v2\/media?parent=17453"}],"wp:term":[{"taxonomy":"product_brand","embeddable":true,"href":"https:\/\/summerdesign.ee\/en\/wp-json\/wp\/v2\/product_brand?post=17453"},{"taxonomy":"product_cat","embeddable":true,"href":"https:\/\/summerdesign.ee\/en\/wp-json\/wp\/v2\/product_cat?post=17453"},{"taxonomy":"product_tag","embeddable":true,"href":"https:\/\/summerdesign.ee\/en\/wp-json\/wp\/v2\/product_tag?post=17453"}],"curies":[{"name":"wp","href":"https:\/\/api.w.org\/{rel}","templated":true}]}}