{"id":17440,"date":"2024-03-17T14:22:59","date_gmt":"2024-03-17T11:22:59","guid":{"rendered":"https:\/\/summerdesign.ee\/toode\/kosmeetikakott-hall\/"},"modified":"2026-04-09T16:31:35","modified_gmt":"2026-04-09T13:31:35","slug":"kosmeetikakott-hall","status":"publish","type":"product","link":"https:\/\/summerdesign.ee\/en\/pood\/ettetellimine\/kunstnahast-tooted-tellimisega\/kosmeetikakott-hall\/","title":{"rendered":"Kosmeetikakott lukuga &#8211; hall"},"content":{"rendered":"<p>Mahukas kott taaskasutatud pol\u00fcester kott, mis on valmistatud 100% rPET-st. V\u00e4ga hea kott kehahooldusvahendite hoiustamiseks. Koti sees on \u00fchel k\u00fcljel veel v\u00e4ike tasku, mis suletav lukuga.<br \/>\nV\u00f5imalus personaliseeri triigitavate materjalidega kott oman\u00e4oliseks.<\/p>","protected":false},"excerpt":{"rendered":"<p>M\u00f5\u00f5dud: 24 x 17 x 9 cm<br \/>\nMaterjal: 100% pol\u00fcester<\/p>","protected":false},"featured_media":17439,"template":"","meta":[],"product_brand":[],"product_cat":[623],"product_tag":[],"class_list":{"0":"post-17440","1":"product","2":"type-product","3":"status-publish","4":"has-post-thumbnail","6":"product_cat-kunstnahast-tooted-tellimisega","8":"first","9":"outofstock","10":"taxable","11":"shipping-taxable","12":"purchasable","13":"product-type-simple","14":"prodpage-classic"},"_links":{"self":[{"href":"https:\/\/summerdesign.ee\/en\/wp-json\/wp\/v2\/product\/17440","targetHints":{"allow":["GET"]}}],"collection":[{"href":"https:\/\/summerdesign.ee\/en\/wp-json\/wp\/v2\/product"}],"about":[{"href":"https:\/\/summerdesign.ee\/en\/wp-json\/wp\/v2\/types\/product"}],"wp:featuredmedia":[{"embeddable":true,"href":"https:\/\/summerdesign.ee\/en\/wp-json\/wp\/v2\/media\/17439"}],"wp:attachment":[{"href":"https:\/\/summerdesign.ee\/en\/wp-json\/wp\/v2\/media?parent=17440"}],"wp:term":[{"taxonomy":"product_brand","embeddable":true,"href":"https:\/\/summerdesign.ee\/en\/wp-json\/wp\/v2\/product_brand?post=17440"},{"taxonomy":"product_cat","embeddable":true,"href":"https:\/\/summerdesign.ee\/en\/wp-json\/wp\/v2\/product_cat?post=17440"},{"taxonomy":"product_tag","embeddable":true,"href":"https:\/\/summerdesign.ee\/en\/wp-json\/wp\/v2\/product_tag?post=17440"}],"curies":[{"name":"wp","href":"https:\/\/api.w.org\/{rel}","templated":true}]}}