{"id":17370,"date":"2024-03-13T17:50:56","date_gmt":"2024-03-13T14:50:56","guid":{"rendered":"https:\/\/summerdesign.ee\/toode\/mahuline-teip-a4-lehena-3mm\/"},"modified":"2025-10-21T20:20:37","modified_gmt":"2025-10-21T17:20:37","slug":"mahuline-teip-a4-lehena-3mm","status":"publish","type":"product","link":"https:\/\/summerdesign.ee\/en\/pood\/tarvikud\/teibid-ja-liimid\/mahuline-teip-a4-lehena-3mm\/","title":{"rendered":"Mahuline teip A4 lehena 3 mm 1 tk"},"content":{"rendered":"<p>Kahepoolse liimiga mahuline teip lehena, kust saad l\u00f5igata omale meelep\u00e4rase suurusega t\u00fckke, et lisada oma meisterdustele mahulist ehk 3D efekti.<\/p>","protected":false},"excerpt":{"rendered":"<p>M\u00f5\u00f5t: A4 3mm<br \/>\nPakis: 1 leht<\/p>","protected":false},"featured_media":17471,"template":"","meta":[],"product_brand":[],"product_cat":[283],"product_tag":[],"class_list":{"0":"post-17370","1":"product","2":"type-product","3":"status-publish","4":"has-post-thumbnail","6":"product_cat-teibid-ja-liimid","8":"first","9":"outofstock","10":"taxable","11":"shipping-taxable","12":"purchasable","13":"product-type-simple","14":"prodpage-classic"},"_links":{"self":[{"href":"https:\/\/summerdesign.ee\/en\/wp-json\/wp\/v2\/product\/17370","targetHints":{"allow":["GET"]}}],"collection":[{"href":"https:\/\/summerdesign.ee\/en\/wp-json\/wp\/v2\/product"}],"about":[{"href":"https:\/\/summerdesign.ee\/en\/wp-json\/wp\/v2\/types\/product"}],"wp:featuredmedia":[{"embeddable":true,"href":"https:\/\/summerdesign.ee\/en\/wp-json\/wp\/v2\/media\/17471"}],"wp:attachment":[{"href":"https:\/\/summerdesign.ee\/en\/wp-json\/wp\/v2\/media?parent=17370"}],"wp:term":[{"taxonomy":"product_brand","embeddable":true,"href":"https:\/\/summerdesign.ee\/en\/wp-json\/wp\/v2\/product_brand?post=17370"},{"taxonomy":"product_cat","embeddable":true,"href":"https:\/\/summerdesign.ee\/en\/wp-json\/wp\/v2\/product_cat?post=17370"},{"taxonomy":"product_tag","embeddable":true,"href":"https:\/\/summerdesign.ee\/en\/wp-json\/wp\/v2\/product_tag?post=17370"}],"curies":[{"name":"wp","href":"https:\/\/api.w.org\/{rel}","templated":true}]}}