{"id":16961,"date":"2024-01-04T16:42:54","date_gmt":"2024-01-04T13:42:54","guid":{"rendered":"https:\/\/summerdesign.ee\/toode\/vahapitsat-puidust-kaepidemega-rukkipead\/"},"modified":"2025-10-21T20:20:57","modified_gmt":"2025-10-21T17:20:57","slug":"vahapitsat-puidust-kaepidemega-rukkipead","status":"publish","type":"product","link":"https:\/\/summerdesign.ee\/en\/pood\/tarvikud\/vahad-ja-vahapitsatid\/vahapitsat-puidust-kaepidemega-rukkipead\/","title":{"rendered":"Vahapitsat puidust k\u00e4epidemega &#8211; rukkipead"},"content":{"rendered":"","protected":false},"excerpt":{"rendered":"<p>Pitsati l\u00e4bim\u00f5\u00f5t: 25 mm<\/p>","protected":false},"featured_media":16971,"template":"","meta":[],"product_brand":[],"product_cat":[543],"product_tag":[],"class_list":{"0":"post-16961","1":"product","2":"type-product","3":"status-publish","4":"has-post-thumbnail","6":"product_cat-vahad-ja-vahapitsatid","8":"first","9":"instock","10":"taxable","11":"shipping-taxable","12":"purchasable","13":"product-type-simple","14":"prodpage-classic"},"_links":{"self":[{"href":"https:\/\/summerdesign.ee\/en\/wp-json\/wp\/v2\/product\/16961","targetHints":{"allow":["GET"]}}],"collection":[{"href":"https:\/\/summerdesign.ee\/en\/wp-json\/wp\/v2\/product"}],"about":[{"href":"https:\/\/summerdesign.ee\/en\/wp-json\/wp\/v2\/types\/product"}],"wp:featuredmedia":[{"embeddable":true,"href":"https:\/\/summerdesign.ee\/en\/wp-json\/wp\/v2\/media\/16971"}],"wp:attachment":[{"href":"https:\/\/summerdesign.ee\/en\/wp-json\/wp\/v2\/media?parent=16961"}],"wp:term":[{"taxonomy":"product_brand","embeddable":true,"href":"https:\/\/summerdesign.ee\/en\/wp-json\/wp\/v2\/product_brand?post=16961"},{"taxonomy":"product_cat","embeddable":true,"href":"https:\/\/summerdesign.ee\/en\/wp-json\/wp\/v2\/product_cat?post=16961"},{"taxonomy":"product_tag","embeddable":true,"href":"https:\/\/summerdesign.ee\/en\/wp-json\/wp\/v2\/product_tag?post=16961"}],"curies":[{"name":"wp","href":"https:\/\/api.w.org\/{rel}","templated":true}]}}