{"id":16353,"date":"2023-11-15T13:22:05","date_gmt":"2023-11-15T10:22:05","guid":{"rendered":"https:\/\/summerdesign.ee\/toode\/dekoratiivne-elupuuoks\/"},"modified":"2025-10-21T20:25:28","modified_gmt":"2025-10-21T17:25:28","slug":"dekoratiivne-elupuuoks","status":"publish","type":"product","link":"https:\/\/summerdesign.ee\/en\/pood\/tarvikud\/dekoratiivne-materjal\/dekoratiivne-elupuuoks\/","title":{"rendered":"Dekoratiivne elupuuoks"},"content":{"rendered":"<p>Dekoratiivne elupuuoksa v\u00e4ikseid v\u00f5rseid on v\u00e4ga hea kasutada j\u00f5ulukuulide, kaartide jne kaunistamisel.<\/p>","protected":false},"excerpt":{"rendered":"<p>Dekoratiivne elupuuoksa v\u00e4ikseid v\u00f5rseid on v\u00e4ga hea kasutada j\u00f5ulukuulide, kaartide jne kaunistamisel.<\/p>","protected":false},"featured_media":16357,"template":"","meta":[],"product_brand":[],"product_cat":[427],"product_tag":[],"class_list":{"0":"post-16353","1":"product","2":"type-product","3":"status-publish","4":"has-post-thumbnail","6":"product_cat-dekoratiivne-materjal","8":"first","9":"outofstock","10":"taxable","11":"shipping-taxable","12":"purchasable","13":"product-type-simple","14":"prodpage-classic"},"_links":{"self":[{"href":"https:\/\/summerdesign.ee\/en\/wp-json\/wp\/v2\/product\/16353","targetHints":{"allow":["GET"]}}],"collection":[{"href":"https:\/\/summerdesign.ee\/en\/wp-json\/wp\/v2\/product"}],"about":[{"href":"https:\/\/summerdesign.ee\/en\/wp-json\/wp\/v2\/types\/product"}],"wp:featuredmedia":[{"embeddable":true,"href":"https:\/\/summerdesign.ee\/en\/wp-json\/wp\/v2\/media\/16357"}],"wp:attachment":[{"href":"https:\/\/summerdesign.ee\/en\/wp-json\/wp\/v2\/media?parent=16353"}],"wp:term":[{"taxonomy":"product_brand","embeddable":true,"href":"https:\/\/summerdesign.ee\/en\/wp-json\/wp\/v2\/product_brand?post=16353"},{"taxonomy":"product_cat","embeddable":true,"href":"https:\/\/summerdesign.ee\/en\/wp-json\/wp\/v2\/product_cat?post=16353"},{"taxonomy":"product_tag","embeddable":true,"href":"https:\/\/summerdesign.ee\/en\/wp-json\/wp\/v2\/product_tag?post=16353"}],"curies":[{"name":"wp","href":"https:\/\/api.w.org\/{rel}","templated":true}]}}