{"id":16316,"date":"2023-11-10T22:01:27","date_gmt":"2023-11-10T19:01:27","guid":{"rendered":"https:\/\/summerdesign.ee\/toode\/dekoratiivne-sadelev-noor-o-1-mm-x-10-m-kuld\/"},"modified":"2026-02-24T20:15:25","modified_gmt":"2026-02-24T17:15:25","slug":"dekoratiivne-sadelev-noor-o-1-mm-x-10-m-kuld","status":"publish","type":"product","link":"https:\/\/summerdesign.ee\/en\/pood\/soodus\/dekoratiivne-sadelev-noor-o-1-mm-x-10-m-kuld\/","title":{"rendered":"Dekoratiivne s\u00e4delev n\u00f6\u00f6r \u00d8 1 mm x 10 m &#8211; kuld"},"content":{"rendered":"<p>P\u00f5imitud pael s\u00e4rab elegantselt t\u00e4nu lurekskiule. Sobivad v\u00e4ga h\u00e4sti kokku meie j\u00f5ulukuulidega, et lisada riputamiseks n\u00f6\u00f6ri.<br \/>\nKasutage&nbsp;kingipakkidel ja kaunistate sellega kingitusi v\u00f5i saate seda kasutada n\u00f6\u00f6rimaterjalina kaelakeede, k\u00e4ev\u00f5rude jms valmistamisel.<br \/>\nL\u00e4bim\u00f5\u00f5t: 1 mm<br \/>\nPikkus: 10 m<\/p>","protected":false},"excerpt":{"rendered":"<p>Tarneaeg: 1-3 t\u00f6\u00f6p\u00e4eva<\/p>","protected":false},"featured_media":16315,"template":"","meta":[],"product_brand":[],"product_cat":[311],"product_tag":[],"class_list":{"0":"post-16316","1":"product","2":"type-product","3":"status-publish","4":"has-post-thumbnail","6":"product_cat-soodus","8":"first","9":"instock","10":"sale","11":"taxable","12":"shipping-taxable","13":"purchasable","14":"product-type-simple","15":"prodpage-classic"},"_links":{"self":[{"href":"https:\/\/summerdesign.ee\/en\/wp-json\/wp\/v2\/product\/16316","targetHints":{"allow":["GET"]}}],"collection":[{"href":"https:\/\/summerdesign.ee\/en\/wp-json\/wp\/v2\/product"}],"about":[{"href":"https:\/\/summerdesign.ee\/en\/wp-json\/wp\/v2\/types\/product"}],"wp:featuredmedia":[{"embeddable":true,"href":"https:\/\/summerdesign.ee\/en\/wp-json\/wp\/v2\/media\/16315"}],"wp:attachment":[{"href":"https:\/\/summerdesign.ee\/en\/wp-json\/wp\/v2\/media?parent=16316"}],"wp:term":[{"taxonomy":"product_brand","embeddable":true,"href":"https:\/\/summerdesign.ee\/en\/wp-json\/wp\/v2\/product_brand?post=16316"},{"taxonomy":"product_cat","embeddable":true,"href":"https:\/\/summerdesign.ee\/en\/wp-json\/wp\/v2\/product_cat?post=16316"},{"taxonomy":"product_tag","embeddable":true,"href":"https:\/\/summerdesign.ee\/en\/wp-json\/wp\/v2\/product_tag?post=16316"}],"curies":[{"name":"wp","href":"https:\/\/api.w.org\/{rel}","templated":true}]}}