{"id":16211,"date":"2023-11-07T14:16:52","date_gmt":"2023-11-07T11:16:52","guid":{"rendered":"https:\/\/summerdesign.ee\/toode\/suled-punased\/"},"modified":"2025-10-21T20:26:26","modified_gmt":"2025-10-21T17:26:26","slug":"suled-punased","status":"publish","type":"product","link":"https:\/\/summerdesign.ee\/en\/pood\/joulud\/suled-punased\/","title":{"rendered":"Suled &#8211; punased"},"content":{"rendered":"<p>Pakis on erineva suurusega suled. Sobivad suurep\u00e4raselt l\u00e4bipaistvate j\u00f5ulukuulide t\u00e4itmiseks.<br \/>\n\u200b\u00dchest pakist saab t\u00e4ita umbes 10-14 kuuli kui m\u00f5\u00f5dukalt, aga piisavalt panna, et ilus oleks.<\/p>","protected":false},"excerpt":{"rendered":"<p>Pakis on erineva suurusega suled. Sobivad suurep\u00e4raselt l\u00e4bipaistvate j\u00f5ulukuulide t\u00e4itmiseks. \u200b\u00dchest pakist saab t\u00e4ita umbes 10-14 kuuli kui m\u00f5\u00f5dukalt, aga piisavalt panna, et ilus oleks.<\/p>","protected":false},"featured_media":16224,"template":"","meta":[],"product_brand":[],"product_cat":[626],"product_tag":[],"class_list":{"0":"post-16211","1":"product","2":"type-product","3":"status-publish","4":"has-post-thumbnail","6":"product_cat-joulud","8":"first","9":"outofstock","10":"taxable","11":"shipping-taxable","12":"purchasable","13":"product-type-simple","14":"prodpage-classic"},"_links":{"self":[{"href":"https:\/\/summerdesign.ee\/en\/wp-json\/wp\/v2\/product\/16211","targetHints":{"allow":["GET"]}}],"collection":[{"href":"https:\/\/summerdesign.ee\/en\/wp-json\/wp\/v2\/product"}],"about":[{"href":"https:\/\/summerdesign.ee\/en\/wp-json\/wp\/v2\/types\/product"}],"wp:featuredmedia":[{"embeddable":true,"href":"https:\/\/summerdesign.ee\/en\/wp-json\/wp\/v2\/media\/16224"}],"wp:attachment":[{"href":"https:\/\/summerdesign.ee\/en\/wp-json\/wp\/v2\/media?parent=16211"}],"wp:term":[{"taxonomy":"product_brand","embeddable":true,"href":"https:\/\/summerdesign.ee\/en\/wp-json\/wp\/v2\/product_brand?post=16211"},{"taxonomy":"product_cat","embeddable":true,"href":"https:\/\/summerdesign.ee\/en\/wp-json\/wp\/v2\/product_cat?post=16211"},{"taxonomy":"product_tag","embeddable":true,"href":"https:\/\/summerdesign.ee\/en\/wp-json\/wp\/v2\/product_tag?post=16211"}],"curies":[{"name":"wp","href":"https:\/\/api.w.org\/{rel}","templated":true}]}}