{"id":16207,"date":"2023-11-07T12:32:14","date_gmt":"2023-11-07T09:32:14","guid":{"rendered":"https:\/\/summerdesign.ee\/toode\/jaine-joulumari-tumepunane\/"},"modified":"2025-10-21T20:24:47","modified_gmt":"2025-10-21T17:24:47","slug":"jaine-joulumari-tumepunane","status":"publish","type":"product","link":"https:\/\/summerdesign.ee\/en\/pood\/tarvikud\/dekoratiivne-materjal\/jaine-joulumari-tumepunane\/","title":{"rendered":"J\u00e4ine j\u00f5ulumari &#8211; tumepunane"},"content":{"rendered":"<p>Dekoratiivsed marjad sobivad kaunistamiseks kaarte, p\u00e4rgasid, dekoratsioone jne.<\/p>","protected":false},"excerpt":{"rendered":"<p>Dekoratiivsed marjad sobivad kaunistamiseks kaarte, p\u00e4rgasid, dekoratsioone jne.<\/p>","protected":false},"featured_media":16221,"template":"","meta":[],"product_brand":[],"product_cat":[427],"product_tag":[],"class_list":{"0":"post-16207","1":"product","2":"type-product","3":"status-publish","4":"has-post-thumbnail","6":"product_cat-dekoratiivne-materjal","8":"first","9":"outofstock","10":"taxable","11":"shipping-taxable","12":"purchasable","13":"product-type-simple","14":"prodpage-classic"},"_links":{"self":[{"href":"https:\/\/summerdesign.ee\/en\/wp-json\/wp\/v2\/product\/16207","targetHints":{"allow":["GET"]}}],"collection":[{"href":"https:\/\/summerdesign.ee\/en\/wp-json\/wp\/v2\/product"}],"about":[{"href":"https:\/\/summerdesign.ee\/en\/wp-json\/wp\/v2\/types\/product"}],"wp:featuredmedia":[{"embeddable":true,"href":"https:\/\/summerdesign.ee\/en\/wp-json\/wp\/v2\/media\/16221"}],"wp:attachment":[{"href":"https:\/\/summerdesign.ee\/en\/wp-json\/wp\/v2\/media?parent=16207"}],"wp:term":[{"taxonomy":"product_brand","embeddable":true,"href":"https:\/\/summerdesign.ee\/en\/wp-json\/wp\/v2\/product_brand?post=16207"},{"taxonomy":"product_cat","embeddable":true,"href":"https:\/\/summerdesign.ee\/en\/wp-json\/wp\/v2\/product_cat?post=16207"},{"taxonomy":"product_tag","embeddable":true,"href":"https:\/\/summerdesign.ee\/en\/wp-json\/wp\/v2\/product_tag?post=16207"}],"curies":[{"name":"wp","href":"https:\/\/api.w.org\/{rel}","templated":true}]}}