{"id":16174,"date":"2023-11-05T11:34:42","date_gmt":"2023-11-05T08:34:42","guid":{"rendered":"https:\/\/summerdesign.ee\/toode\/cricut-suur-pressimismatt\/"},"modified":"2025-10-22T15:48:48","modified_gmt":"2025-10-22T12:48:48","slug":"cricut-suur-pressimismatt","status":"publish","type":"product","link":"https:\/\/summerdesign.ee\/en\/pood\/ettetellimine\/cricut-tooted-tellimisega\/cricut-suur-pressimismatt\/","title":{"rendered":"Cricut suur pressimismatt"},"content":{"rendered":"<p>Cricut suur pressimismatt&nbsp;on ideaalne suuremate projektide jaoks, n\u00e4iteks T-s\u00e4rgid, pusad, tekid jms.<br \/>\nDisainitud t\u00f6\u00f6tama Cricut EasyPress masinatega suurep\u00e4raste tulemuste saavutamiseks.<br \/>\nKaitseb sinu t\u00f6\u00f6pinda kahjuliku kuumuse ja niiskuse eest.<\/p>","protected":false},"excerpt":{"rendered":"<p>Toode on ettetellimisega ja tarneaeg 3-4 n\u00e4dalat!<br \/>\nM\u00f5\u00f5dud: 40,5 x 50,5 cm<\/p>","protected":false},"featured_media":16172,"template":"","meta":[],"product_brand":[],"product_cat":[621],"product_tag":[],"class_list":{"0":"post-16174","1":"product","2":"type-product","3":"status-publish","4":"has-post-thumbnail","6":"product_cat-cricut-tooted-tellimisega","8":"first","9":"onbackorder","10":"taxable","11":"shipping-taxable","12":"purchasable","13":"product-type-simple","14":"prodpage-classic"},"_links":{"self":[{"href":"https:\/\/summerdesign.ee\/en\/wp-json\/wp\/v2\/product\/16174","targetHints":{"allow":["GET"]}}],"collection":[{"href":"https:\/\/summerdesign.ee\/en\/wp-json\/wp\/v2\/product"}],"about":[{"href":"https:\/\/summerdesign.ee\/en\/wp-json\/wp\/v2\/types\/product"}],"wp:featuredmedia":[{"embeddable":true,"href":"https:\/\/summerdesign.ee\/en\/wp-json\/wp\/v2\/media\/16172"}],"wp:attachment":[{"href":"https:\/\/summerdesign.ee\/en\/wp-json\/wp\/v2\/media?parent=16174"}],"wp:term":[{"taxonomy":"product_brand","embeddable":true,"href":"https:\/\/summerdesign.ee\/en\/wp-json\/wp\/v2\/product_brand?post=16174"},{"taxonomy":"product_cat","embeddable":true,"href":"https:\/\/summerdesign.ee\/en\/wp-json\/wp\/v2\/product_cat?post=16174"},{"taxonomy":"product_tag","embeddable":true,"href":"https:\/\/summerdesign.ee\/en\/wp-json\/wp\/v2\/product_tag?post=16174"}],"curies":[{"name":"wp","href":"https:\/\/api.w.org\/{rel}","templated":true}]}}